{"id":918,"date":"2018-08-10T10:14:37","date_gmt":"2018-08-10T08:14:37","guid":{"rendered":"http:\/\/derroboterladen.de\/drl-wp\/?page_id=918"},"modified":"2018-08-10T13:42:00","modified_gmt":"2018-08-10T11:42:00","slug":"newsletter","status":"publish","type":"page","link":"https:\/\/derroboterladen.de\/drl-wp\/index.php\/newsletter\/","title":{"rendered":"Newsletter"},"content":{"rendered":"<p>Tragen Sie sich hier in unseren Newsletter ein und bleiben so immer auf dem Laufenden \u00fcber aktuelle Aktionen und Neuigkeiten zu Ihrem Ger\u00e4t.<\/p>\n<p>Nat\u00fcrlich k\u00f6nnen Sie diese Info jederzeit wieder abbestellen mit nur einem Klick!<\/p>\n<form style=\"margin: 0;\" action=\"http:\/\/derroboterladen.de\/newsletter\/subscribe.php\" method=\"post\">\n<table border=\"0\" cellspacing=\"0\" cellpadding=\"7\">\n<tbody>\n<tr>\n<td>Vor-und Nachname *<\/td>\n<td><input name=\"subscriber[name]\" type=\"text\" \/><\/td>\n<\/tr>\n<tr>\n<td>E-Mail *<\/td>\n<td><input name=\"subscriber[email]\" type=\"text\" \/><\/td>\n<\/tr>\n<tr>\n<td><\/td>\n<td><input type=\"submit\" value=\" Anmelden \" \/><\/td>\n<\/tr>\n<\/tbody>\n<\/table>\n<\/form>\n<p>Datenschutzhinweis: Mit dem klicken auf &#8220;Anmelden&#8221; akzeptieren Sie unsere Datenschutzerkl\u00e4rung, zu finden hier oben im Men\u00fc auf dieser Webseite. In Kurzform bedeutet dies, dass wir Ihren Namen und Ihre eMail-Adresse nach erfolgreicher Best\u00e4tigung durch Sie, speichern d\u00fcrfen f\u00fcr diesen Newsletterkontakt. Sollten Sie die Mailadresse inerhalb von 7 Tagen nicht best\u00e4tigen, so wird diese unwiderbringlich gel\u00f6scht.<\/p>\n","protected":false},"excerpt":{"rendered":"<p>Tragen Sie sich hier in unseren Newsletter ein und bleiben so immer auf dem Laufenden \u00fcber aktuelle Aktionen und Neuigkeiten zu Ihrem Ger\u00e4t. Nat\u00fcrlich k\u00f6nnen Sie diese Info jederzeit wieder abbestellen mit nur einem Klick! Vor-und Nachname * E-Mail * Datenschutzhinweis: Mit dem klicken auf &#8220;Anmelden&#8221; akzeptieren Sie unsere Datenschutzerkl\u00e4rung, zu finden hier oben im [&hellip;]<\/p>\n","protected":false},"author":1,"featured_media":0,"parent":0,"menu_order":0,"comment_status":"closed","ping_status":"closed","template":"","meta":{"footnotes":""},"class_list":["post-918","page","type-page","status-publish","hentry"],"yoast_head":"<!-- This site is optimized with the Yoast SEO plugin v27.4 - https:\/\/yoast.com\/product\/yoast-seo-wordpress\/ -->\n<title>Newsletter - DerRoboterLaden<\/title>\n<meta name=\"robots\" content=\"index, follow, max-snippet:-1, max-image-preview:large, max-video-preview:-1\" \/>\n<link rel=\"canonical\" href=\"https:\/\/derroboterladen.de\/drl-wp\/index.php\/newsletter\/\" \/>\n<meta property=\"og:locale\" content=\"de_DE\" \/>\n<meta property=\"og:type\" content=\"article\" \/>\n<meta property=\"og:title\" content=\"Newsletter - DerRoboterLaden\" \/>\n<meta property=\"og:description\" content=\"Tragen Sie sich hier in unseren Newsletter ein und bleiben so immer auf dem Laufenden \u00fcber aktuelle Aktionen und Neuigkeiten zu Ihrem Ger\u00e4t. Nat\u00fcrlich k\u00f6nnen Sie diese Info jederzeit wieder abbestellen mit nur einem Klick! Vor-und Nachname * E-Mail * Datenschutzhinweis: Mit dem klicken auf &#8220;Anmelden&#8221; akzeptieren Sie unsere Datenschutzerkl\u00e4rung, zu finden hier oben im [&hellip;]\" \/>\n<meta property=\"og:url\" content=\"https:\/\/derroboterladen.de\/drl-wp\/index.php\/newsletter\/\" \/>\n<meta property=\"og:site_name\" content=\"DerRoboterLaden\" \/>\n<meta property=\"article:publisher\" content=\"http:\/\/www.facebook.com\/derroboterladen\" \/>\n<meta property=\"article:modified_time\" content=\"2018-08-10T11:42:00+00:00\" \/>\n<meta name=\"twitter:card\" content=\"summary_large_image\" \/>\n<meta name=\"twitter:label1\" content=\"Gesch\u00e4tzte Lesezeit\" \/>\n\t<meta name=\"twitter:data1\" content=\"1\u00a0Minute\" \/>\n<script type=\"application\/ld+json\" class=\"yoast-schema-graph\">{\"@context\":\"https:\\\/\\\/schema.org\",\"@graph\":[{\"@type\":\"WebPage\",\"@id\":\"https:\\\/\\\/derroboterladen.de\\\/drl-wp\\\/index.php\\\/newsletter\\\/\",\"url\":\"https:\\\/\\\/derroboterladen.de\\\/drl-wp\\\/index.php\\\/newsletter\\\/\",\"name\":\"Newsletter - DerRoboterLaden\",\"isPartOf\":{\"@id\":\"https:\\\/\\\/derroboterladen.de\\\/drl-wp\\\/#website\"},\"datePublished\":\"2018-08-10T08:14:37+00:00\",\"dateModified\":\"2018-08-10T11:42:00+00:00\",\"breadcrumb\":{\"@id\":\"https:\\\/\\\/derroboterladen.de\\\/drl-wp\\\/index.php\\\/newsletter\\\/#breadcrumb\"},\"inLanguage\":\"de\",\"potentialAction\":[{\"@type\":\"ReadAction\",\"target\":[\"https:\\\/\\\/derroboterladen.de\\\/drl-wp\\\/index.php\\\/newsletter\\\/\"]}]},{\"@type\":\"BreadcrumbList\",\"@id\":\"https:\\\/\\\/derroboterladen.de\\\/drl-wp\\\/index.php\\\/newsletter\\\/#breadcrumb\",\"itemListElement\":[{\"@type\":\"ListItem\",\"position\":1,\"name\":\"Startseite\",\"item\":\"https:\\\/\\\/derroboterladen.de\\\/drl-wp\\\/\"},{\"@type\":\"ListItem\",\"position\":2,\"name\":\"Newsletter\"}]},{\"@type\":\"WebSite\",\"@id\":\"https:\\\/\\\/derroboterladen.de\\\/drl-wp\\\/#website\",\"url\":\"https:\\\/\\\/derroboterladen.de\\\/drl-wp\\\/\",\"name\":\"DerRoboterLaden\",\"description\":\"\",\"potentialAction\":[{\"@type\":\"SearchAction\",\"target\":{\"@type\":\"EntryPoint\",\"urlTemplate\":\"https:\\\/\\\/derroboterladen.de\\\/drl-wp\\\/?s={search_term_string}\"},\"query-input\":{\"@type\":\"PropertyValueSpecification\",\"valueRequired\":true,\"valueName\":\"search_term_string\"}}],\"inLanguage\":\"de\"}]}<\/script>\n<!-- \/ Yoast SEO plugin. -->","yoast_head_json":{"title":"Newsletter - DerRoboterLaden","robots":{"index":"index","follow":"follow","max-snippet":"max-snippet:-1","max-image-preview":"max-image-preview:large","max-video-preview":"max-video-preview:-1"},"canonical":"https:\/\/derroboterladen.de\/drl-wp\/index.php\/newsletter\/","og_locale":"de_DE","og_type":"article","og_title":"Newsletter - DerRoboterLaden","og_description":"Tragen Sie sich hier in unseren Newsletter ein und bleiben so immer auf dem Laufenden \u00fcber aktuelle Aktionen und Neuigkeiten zu Ihrem Ger\u00e4t. Nat\u00fcrlich k\u00f6nnen Sie diese Info jederzeit wieder abbestellen mit nur einem Klick! Vor-und Nachname * E-Mail * Datenschutzhinweis: Mit dem klicken auf &#8220;Anmelden&#8221; akzeptieren Sie unsere Datenschutzerkl\u00e4rung, zu finden hier oben im [&hellip;]","og_url":"https:\/\/derroboterladen.de\/drl-wp\/index.php\/newsletter\/","og_site_name":"DerRoboterLaden","article_publisher":"http:\/\/www.facebook.com\/derroboterladen","article_modified_time":"2018-08-10T11:42:00+00:00","twitter_card":"summary_large_image","twitter_misc":{"Gesch\u00e4tzte Lesezeit":"1\u00a0Minute"},"schema":{"@context":"https:\/\/schema.org","@graph":[{"@type":"WebPage","@id":"https:\/\/derroboterladen.de\/drl-wp\/index.php\/newsletter\/","url":"https:\/\/derroboterladen.de\/drl-wp\/index.php\/newsletter\/","name":"Newsletter - DerRoboterLaden","isPartOf":{"@id":"https:\/\/derroboterladen.de\/drl-wp\/#website"},"datePublished":"2018-08-10T08:14:37+00:00","dateModified":"2018-08-10T11:42:00+00:00","breadcrumb":{"@id":"https:\/\/derroboterladen.de\/drl-wp\/index.php\/newsletter\/#breadcrumb"},"inLanguage":"de","potentialAction":[{"@type":"ReadAction","target":["https:\/\/derroboterladen.de\/drl-wp\/index.php\/newsletter\/"]}]},{"@type":"BreadcrumbList","@id":"https:\/\/derroboterladen.de\/drl-wp\/index.php\/newsletter\/#breadcrumb","itemListElement":[{"@type":"ListItem","position":1,"name":"Startseite","item":"https:\/\/derroboterladen.de\/drl-wp\/"},{"@type":"ListItem","position":2,"name":"Newsletter"}]},{"@type":"WebSite","@id":"https:\/\/derroboterladen.de\/drl-wp\/#website","url":"https:\/\/derroboterladen.de\/drl-wp\/","name":"DerRoboterLaden","description":"","potentialAction":[{"@type":"SearchAction","target":{"@type":"EntryPoint","urlTemplate":"https:\/\/derroboterladen.de\/drl-wp\/?s={search_term_string}"},"query-input":{"@type":"PropertyValueSpecification","valueRequired":true,"valueName":"search_term_string"}}],"inLanguage":"de"}]}},"_links":{"self":[{"href":"https:\/\/derroboterladen.de\/drl-wp\/index.php\/wp-json\/wp\/v2\/pages\/918","targetHints":{"allow":["GET"]}}],"collection":[{"href":"https:\/\/derroboterladen.de\/drl-wp\/index.php\/wp-json\/wp\/v2\/pages"}],"about":[{"href":"https:\/\/derroboterladen.de\/drl-wp\/index.php\/wp-json\/wp\/v2\/types\/page"}],"author":[{"embeddable":true,"href":"https:\/\/derroboterladen.de\/drl-wp\/index.php\/wp-json\/wp\/v2\/users\/1"}],"replies":[{"embeddable":true,"href":"https:\/\/derroboterladen.de\/drl-wp\/index.php\/wp-json\/wp\/v2\/comments?post=918"}],"version-history":[{"count":5,"href":"https:\/\/derroboterladen.de\/drl-wp\/index.php\/wp-json\/wp\/v2\/pages\/918\/revisions"}],"predecessor-version":[{"id":928,"href":"https:\/\/derroboterladen.de\/drl-wp\/index.php\/wp-json\/wp\/v2\/pages\/918\/revisions\/928"}],"wp:attachment":[{"href":"https:\/\/derroboterladen.de\/drl-wp\/index.php\/wp-json\/wp\/v2\/media?parent=918"}],"curies":[{"name":"wp","href":"https:\/\/api.w.org\/{rel}","templated":true}]}}