{"id":8,"date":"2015-10-23T14:49:20","date_gmt":"2015-10-23T12:49:20","guid":{"rendered":"http:\/\/derroboterladen.de\/drl-wp\/?page_id=8"},"modified":"2024-02-02T09:16:13","modified_gmt":"2024-02-02T08:16:13","slug":"eingang","status":"publish","type":"page","link":"https:\/\/derroboterladen.de\/drl-wp\/","title":{"rendered":"Home"},"content":{"rendered":"<p>&#8230;Ein Traum\u2026der f\u00fcr viele Menschen aber schon wahr geworden ist! Mit unseren Rasenm\u00e4herrobotern wie der Automower von Husqvarna, Staubsaugerroboter wie der Roomba, Poolrobotern von Zodiac und vielen mehr.<\/p>\n<p>Sie arbeiten gr\u00fcndlich, leise und effektiv. Kein B\u00fccken unter Schr\u00e4nke, kein Schleppen eines schweren Staubsaugers, kein Gras aufsammeln und nicht wissen wohin damit\u2026kein ohrenbet\u00e4ubender L\u00e4rm des Rasenm\u00e4hers.<\/p>\n<p>D\u00fcrfen wir vorstellen? Roomba, Braava und Automower hei\u00dfen drei dieser freundlichen Typen, die im Handumdrehen Ihre Freundschaft erobern werden. Lassen Sie sich begeistern von Ihren positiven Eigenschaften, ihrem Design und ihrer ganz einfachen Bedienung!<br \/>\nSie werden ihn nie wieder hergeben wollen, wenn sie einmal einen Haushaltroboter bei der t\u00e4glichen Arbeit beobachtet haben.<\/p>\n<p>Treten Sie ein in die Welt der Roboter \u2013 die Gegenwart! Denn sie sind keine Zukunftsmusik mehr, sondern bew\u00e4hrte Technik seit \u00fcber 20 Jahren. Sind Sie bereit f\u00fcr eine Revolution in Ihrem Haushalt und in Ihrem Garten? Lehnen Sie sich schon mal zur\u00fcck\u2026<\/p>\n<p>Nat\u00fcrlich bauen wir Ihr Ger\u00e4t auf Wunsch auch fachgerecht auf und erkl\u00e4ren Ihnen die Funktionen.<br \/>\nZu unseren weiteren Leistungen z\u00e4hlt der Ersatzteilservice, ein umfassender Reparaturservice, sowie die Pflege und Einlagerung ihres Rasenroboters w\u00e4hrend der Wintersaison.<\/p>\n<p>Sie sehen bei uns sind sie richtig, wenn sie einen zuverl\u00e4ssigen Gehilfen und Partner suchen. Ihr Team von DerRoboterLaden<\/p>\n<p>Was k\u00f6nnen wir f\u00fcr sie tun?<\/p>\n<p>Ein weiteres Projekt von uns:<\/p>\n<p><a href=\"http:\/\/rentebikes.de\" target=\"_blank\" rel=\"noopener noreferrer\"><img loading=\"lazy\" decoding=\"async\" class=\" size-medium wp-image-554 alignnone\" src=\"http:\/\/derroboterladen.de\/drl-wp\/wp-content\/uploads\/2015\/10\/rentebikeslogo3zeilen1-300x84.png\" alt=\"rentebikeslogo3zeilen\" width=\"300\" height=\"84\" srcset=\"https:\/\/derroboterladen.de\/drl-wp\/wp-content\/uploads\/2015\/10\/rentebikeslogo3zeilen1-300x84.png 300w, https:\/\/derroboterladen.de\/drl-wp\/wp-content\/uploads\/2015\/10\/rentebikeslogo3zeilen1-1024x287.png 1024w, https:\/\/derroboterladen.de\/drl-wp\/wp-content\/uploads\/2015\/10\/rentebikeslogo3zeilen1.png 1786w\" sizes=\"auto, (max-width: 300px) 100vw, 300px\" \/><\/a><\/p>\n<p><a href=\"http:\/\/kstore24.de\" target=\"_blank\" rel=\"noopener\"><img loading=\"lazy\" decoding=\"async\" class=\"alignleft wp-image-1718 size-medium\" src=\"http:\/\/derroboterladen.de\/drl-wp\/wp-content\/uploads\/2024\/02\/elektrofachgeschaeftroboter-300x165.jpg\" alt=\"\" width=\"300\" height=\"165\" srcset=\"https:\/\/derroboterladen.de\/drl-wp\/wp-content\/uploads\/2024\/02\/elektrofachgeschaeftroboter-300x165.jpg 300w, https:\/\/derroboterladen.de\/drl-wp\/wp-content\/uploads\/2024\/02\/elektrofachgeschaeftroboter-1024x564.jpg 1024w, https:\/\/derroboterladen.de\/drl-wp\/wp-content\/uploads\/2024\/02\/elektrofachgeschaeftroboter-768x423.jpg 768w, https:\/\/derroboterladen.de\/drl-wp\/wp-content\/uploads\/2024\/02\/elektrofachgeschaeftroboter.jpg 1291w\" sizes=\"auto, (max-width: 300px) 100vw, 300px\" \/><\/a><\/p>\n","protected":false},"excerpt":{"rendered":"<p>&#8230;Ein Traum\u2026der f\u00fcr viele Menschen aber schon wahr geworden ist! Mit unseren Rasenm\u00e4herrobotern wie der Automower von Husqvarna, Staubsaugerroboter wie der Roomba, Poolrobotern von Zodiac und vielen mehr. Sie arbeiten gr\u00fcndlich, leise und effektiv. Kein B\u00fccken unter Schr\u00e4nke, kein Schleppen eines schweren Staubsaugers, kein Gras aufsammeln und nicht wissen wohin damit\u2026kein ohrenbet\u00e4ubender L\u00e4rm des Rasenm\u00e4hers. [&hellip;]<\/p>\n","protected":false},"author":1,"featured_media":0,"parent":0,"menu_order":0,"comment_status":"closed","ping_status":"closed","template":"","meta":{"footnotes":""},"class_list":["post-8","page","type-page","status-publish","hentry"],"yoast_head":"<!-- This site is optimized with the Yoast SEO plugin v27.5 - https:\/\/yoast.com\/product\/yoast-seo-wordpress\/ -->\n<title>Home - DerRoboterLaden<\/title>\n<meta name=\"description\" content=\"Bei DerRoboterLaden finden Sie Haushaltroboter wie den Automower Rasenroboter von Husqvarna oder den Roomba Staubsauger von iRobot uvm.\" \/>\n<meta name=\"robots\" content=\"index, follow, max-snippet:-1, max-image-preview:large, max-video-preview:-1\" \/>\n<link rel=\"canonical\" href=\"https:\/\/derroboterladen.de\/drl-wp\/\" \/>\n<meta property=\"og:locale\" content=\"de_DE\" \/>\n<meta property=\"og:type\" content=\"article\" \/>\n<meta property=\"og:title\" content=\"Home - DerRoboterLaden\" \/>\n<meta property=\"og:description\" content=\"Bei DerRoboterLaden finden Sie Haushaltroboter wie den Automower Rasenroboter von Husqvarna oder den Roomba Staubsauger von iRobot uvm.\" \/>\n<meta property=\"og:url\" content=\"https:\/\/derroboterladen.de\/drl-wp\/\" \/>\n<meta property=\"og:site_name\" content=\"DerRoboterLaden\" \/>\n<meta property=\"article:publisher\" content=\"http:\/\/www.facebook.com\/derroboterladen\" \/>\n<meta property=\"article:modified_time\" content=\"2024-02-02T08:16:13+00:00\" \/>\n<meta property=\"og:image\" content=\"http:\/\/derroboterladen.de\/drl-wp\/wp-content\/uploads\/2015\/10\/rentebikeslogo3zeilen1-300x84.png\" \/>\n<meta name=\"twitter:card\" content=\"summary_large_image\" \/>\n<meta name=\"twitter:label1\" content=\"Gesch\u00e4tzte Lesezeit\" \/>\n\t<meta name=\"twitter:data1\" content=\"2\u00a0Minuten\" \/>\n<script type=\"application\/ld+json\" class=\"yoast-schema-graph\">{\"@context\":\"https:\\\/\\\/schema.org\",\"@graph\":[{\"@type\":\"WebPage\",\"@id\":\"https:\\\/\\\/derroboterladen.de\\\/drl-wp\\\/\",\"url\":\"https:\\\/\\\/derroboterladen.de\\\/drl-wp\\\/\",\"name\":\"Home - DerRoboterLaden\",\"isPartOf\":{\"@id\":\"https:\\\/\\\/derroboterladen.de\\\/drl-wp\\\/#website\"},\"primaryImageOfPage\":{\"@id\":\"https:\\\/\\\/derroboterladen.de\\\/drl-wp\\\/#primaryimage\"},\"image\":{\"@id\":\"https:\\\/\\\/derroboterladen.de\\\/drl-wp\\\/#primaryimage\"},\"thumbnailUrl\":\"http:\\\/\\\/derroboterladen.de\\\/drl-wp\\\/wp-content\\\/uploads\\\/2015\\\/10\\\/rentebikeslogo3zeilen1-300x84.png\",\"datePublished\":\"2015-10-23T12:49:20+00:00\",\"dateModified\":\"2024-02-02T08:16:13+00:00\",\"description\":\"Bei DerRoboterLaden finden Sie Haushaltroboter wie den Automower Rasenroboter von Husqvarna oder den Roomba Staubsauger von iRobot uvm.\",\"breadcrumb\":{\"@id\":\"https:\\\/\\\/derroboterladen.de\\\/drl-wp\\\/#breadcrumb\"},\"inLanguage\":\"de\",\"potentialAction\":[{\"@type\":\"ReadAction\",\"target\":[\"https:\\\/\\\/derroboterladen.de\\\/drl-wp\\\/\"]}]},{\"@type\":\"ImageObject\",\"inLanguage\":\"de\",\"@id\":\"https:\\\/\\\/derroboterladen.de\\\/drl-wp\\\/#primaryimage\",\"url\":\"http:\\\/\\\/derroboterladen.de\\\/drl-wp\\\/wp-content\\\/uploads\\\/2015\\\/10\\\/rentebikeslogo3zeilen1-300x84.png\",\"contentUrl\":\"http:\\\/\\\/derroboterladen.de\\\/drl-wp\\\/wp-content\\\/uploads\\\/2015\\\/10\\\/rentebikeslogo3zeilen1-300x84.png\"},{\"@type\":\"BreadcrumbList\",\"@id\":\"https:\\\/\\\/derroboterladen.de\\\/drl-wp\\\/#breadcrumb\",\"itemListElement\":[{\"@type\":\"ListItem\",\"position\":1,\"name\":\"Startseite\",\"item\":\"https:\\\/\\\/derroboterladen.de\\\/drl-wp\\\/\"},{\"@type\":\"ListItem\",\"position\":2,\"name\":\"Home\"}]},{\"@type\":\"WebSite\",\"@id\":\"https:\\\/\\\/derroboterladen.de\\\/drl-wp\\\/#website\",\"url\":\"https:\\\/\\\/derroboterladen.de\\\/drl-wp\\\/\",\"name\":\"DerRoboterLaden\",\"description\":\"\",\"potentialAction\":[{\"@type\":\"SearchAction\",\"target\":{\"@type\":\"EntryPoint\",\"urlTemplate\":\"https:\\\/\\\/derroboterladen.de\\\/drl-wp\\\/?s={search_term_string}\"},\"query-input\":{\"@type\":\"PropertyValueSpecification\",\"valueRequired\":true,\"valueName\":\"search_term_string\"}}],\"inLanguage\":\"de\"}]}<\/script>\n<!-- \/ Yoast SEO plugin. -->","yoast_head_json":{"title":"Home - DerRoboterLaden","description":"Bei DerRoboterLaden finden Sie Haushaltroboter wie den Automower Rasenroboter von Husqvarna oder den Roomba Staubsauger von iRobot uvm.","robots":{"index":"index","follow":"follow","max-snippet":"max-snippet:-1","max-image-preview":"max-image-preview:large","max-video-preview":"max-video-preview:-1"},"canonical":"https:\/\/derroboterladen.de\/drl-wp\/","og_locale":"de_DE","og_type":"article","og_title":"Home - DerRoboterLaden","og_description":"Bei DerRoboterLaden finden Sie Haushaltroboter wie den Automower Rasenroboter von Husqvarna oder den Roomba Staubsauger von iRobot uvm.","og_url":"https:\/\/derroboterladen.de\/drl-wp\/","og_site_name":"DerRoboterLaden","article_publisher":"http:\/\/www.facebook.com\/derroboterladen","article_modified_time":"2024-02-02T08:16:13+00:00","og_image":[{"url":"http:\/\/derroboterladen.de\/drl-wp\/wp-content\/uploads\/2015\/10\/rentebikeslogo3zeilen1-300x84.png","type":"","width":"","height":""}],"twitter_card":"summary_large_image","twitter_misc":{"Gesch\u00e4tzte Lesezeit":"2\u00a0Minuten"},"schema":{"@context":"https:\/\/schema.org","@graph":[{"@type":"WebPage","@id":"https:\/\/derroboterladen.de\/drl-wp\/","url":"https:\/\/derroboterladen.de\/drl-wp\/","name":"Home - DerRoboterLaden","isPartOf":{"@id":"https:\/\/derroboterladen.de\/drl-wp\/#website"},"primaryImageOfPage":{"@id":"https:\/\/derroboterladen.de\/drl-wp\/#primaryimage"},"image":{"@id":"https:\/\/derroboterladen.de\/drl-wp\/#primaryimage"},"thumbnailUrl":"http:\/\/derroboterladen.de\/drl-wp\/wp-content\/uploads\/2015\/10\/rentebikeslogo3zeilen1-300x84.png","datePublished":"2015-10-23T12:49:20+00:00","dateModified":"2024-02-02T08:16:13+00:00","description":"Bei DerRoboterLaden finden Sie Haushaltroboter wie den Automower Rasenroboter von Husqvarna oder den Roomba Staubsauger von iRobot uvm.","breadcrumb":{"@id":"https:\/\/derroboterladen.de\/drl-wp\/#breadcrumb"},"inLanguage":"de","potentialAction":[{"@type":"ReadAction","target":["https:\/\/derroboterladen.de\/drl-wp\/"]}]},{"@type":"ImageObject","inLanguage":"de","@id":"https:\/\/derroboterladen.de\/drl-wp\/#primaryimage","url":"http:\/\/derroboterladen.de\/drl-wp\/wp-content\/uploads\/2015\/10\/rentebikeslogo3zeilen1-300x84.png","contentUrl":"http:\/\/derroboterladen.de\/drl-wp\/wp-content\/uploads\/2015\/10\/rentebikeslogo3zeilen1-300x84.png"},{"@type":"BreadcrumbList","@id":"https:\/\/derroboterladen.de\/drl-wp\/#breadcrumb","itemListElement":[{"@type":"ListItem","position":1,"name":"Startseite","item":"https:\/\/derroboterladen.de\/drl-wp\/"},{"@type":"ListItem","position":2,"name":"Home"}]},{"@type":"WebSite","@id":"https:\/\/derroboterladen.de\/drl-wp\/#website","url":"https:\/\/derroboterladen.de\/drl-wp\/","name":"DerRoboterLaden","description":"","potentialAction":[{"@type":"SearchAction","target":{"@type":"EntryPoint","urlTemplate":"https:\/\/derroboterladen.de\/drl-wp\/?s={search_term_string}"},"query-input":{"@type":"PropertyValueSpecification","valueRequired":true,"valueName":"search_term_string"}}],"inLanguage":"de"}]}},"_links":{"self":[{"href":"https:\/\/derroboterladen.de\/drl-wp\/index.php\/wp-json\/wp\/v2\/pages\/8","targetHints":{"allow":["GET"]}}],"collection":[{"href":"https:\/\/derroboterladen.de\/drl-wp\/index.php\/wp-json\/wp\/v2\/pages"}],"about":[{"href":"https:\/\/derroboterladen.de\/drl-wp\/index.php\/wp-json\/wp\/v2\/types\/page"}],"author":[{"embeddable":true,"href":"https:\/\/derroboterladen.de\/drl-wp\/index.php\/wp-json\/wp\/v2\/users\/1"}],"replies":[{"embeddable":true,"href":"https:\/\/derroboterladen.de\/drl-wp\/index.php\/wp-json\/wp\/v2\/comments?post=8"}],"version-history":[{"count":38,"href":"https:\/\/derroboterladen.de\/drl-wp\/index.php\/wp-json\/wp\/v2\/pages\/8\/revisions"}],"predecessor-version":[{"id":1719,"href":"https:\/\/derroboterladen.de\/drl-wp\/index.php\/wp-json\/wp\/v2\/pages\/8\/revisions\/1719"}],"wp:attachment":[{"href":"https:\/\/derroboterladen.de\/drl-wp\/index.php\/wp-json\/wp\/v2\/media?parent=8"}],"curies":[{"name":"wp","href":"https:\/\/api.w.org\/{rel}","templated":true}]}}