{"id":34,"date":"2015-10-23T17:43:10","date_gmt":"2015-10-23T15:43:10","guid":{"rendered":"http:\/\/derroboterladen.de\/drl-wp\/?page_id=34"},"modified":"2018-10-05T17:27:19","modified_gmt":"2018-10-05T15:27:19","slug":"poolroboter","status":"publish","type":"page","link":"https:\/\/derroboterladen.de\/drl-wp\/index.php\/poolroboter\/","title":{"rendered":"Poolroboter"},"content":{"rendered":"<p>Heute gibt es eine gro\u00dfe Auswahl an Poolroboter auf dem Markt, nur welche ist die richtige\u00a0L\u00f6sung? Die Kriterien f\u00fcr die richtige Wahl eines Reiniger sind eng mit den Eigenschaften Ihres Pool und Ihre Anforderungen in Bezug auf Sauberkeit verbunden.<\/p>\n<p><a href=\"http:\/\/derroboterladen.de\/drl-wp\/wp-content\/uploads\/2016\/02\/wp652ba630_05.jpg\"><img loading=\"lazy\" decoding=\"async\" class=\" size-medium wp-image-226 alignleft\" src=\"http:\/\/derroboterladen.de\/drl-wp\/wp-content\/uploads\/2016\/02\/wp652ba630_05-300x184.jpg\" alt=\"Poolroboter Zodiac Vortex 1\" width=\"300\" height=\"184\" \/><\/a><em><strong><span style=\"color: #000000;\">Zodiak Vortex 1<\/span><\/strong><\/em><\/p>\n<p>Das kleinste Modell dieser Baureihe ist f\u00fcr Privatschwimmbecken mit Geraden W\u00e4nden und einer max. Gr\u00f6\u00dfe bis 10 \u00d7 5 m geeignet. (<del>UVP: 749,-\u20ac<\/del> &#8211; unser Preis: 579,-\u20ac)<\/p>\n<p>&nbsp;<\/p>\n<p>&nbsp;<\/p>\n<p>&nbsp;<\/p>\n<p><a href=\"http:\/\/derroboterladen.de\/drl-wp\/wp-content\/uploads\/2015\/10\/wp5269b56d_05.jpg\"><img loading=\"lazy\" decoding=\"async\" class=\" size-medium wp-image-259 alignleft\" src=\"http:\/\/derroboterladen.de\/drl-wp\/wp-content\/uploads\/2015\/10\/wp5269b56d_05-300x184.jpg\" alt=\"Poolroboter Zodiac Vortex 3\" width=\"300\" height=\"184\" srcset=\"https:\/\/derroboterladen.de\/drl-wp\/wp-content\/uploads\/2015\/10\/wp5269b56d_05-300x184.jpg 300w, https:\/\/derroboterladen.de\/drl-wp\/wp-content\/uploads\/2015\/10\/wp5269b56d_05.jpg 321w\" sizes=\"auto, (max-width: 300px) 100vw, 300px\" \/><\/a><strong><em><span style=\"color: #000000;\">Zodiak Vortex 3 4WD <\/span><\/em><\/strong><\/p>\n<p>eignet sich f\u00fcr Unterflurbecken f\u00fcr den Privatgebrauch und Aufstellbecken mit starren W\u00e4nden, empfohlen f\u00fcr max. 12 x 6m (<del>UVP: 1799,-\u20ac<\/del> &#8211; unser Preis: 1599,-\u20ac)<\/p>\n<p>&nbsp;<\/p>\n<hr \/>\n<p>&nbsp;<\/p>\n<p>Optional erh\u00e4ltlich bei uns die Ersatzfilter in den Ausf\u00fchrungen grob und fein.<\/p>\n","protected":false},"excerpt":{"rendered":"<p>Heute gibt es eine gro\u00dfe Auswahl an Poolroboter auf dem Markt, nur welche ist die richtige\u00a0L\u00f6sung? Die Kriterien f\u00fcr die richtige Wahl eines Reiniger sind eng mit den Eigenschaften Ihres Pool und Ihre Anforderungen in Bezug auf Sauberkeit verbunden. Zodiak Vortex 1 Das kleinste Modell dieser Baureihe ist f\u00fcr Privatschwimmbecken mit Geraden W\u00e4nden und einer [&hellip;]<\/p>\n","protected":false},"author":1,"featured_media":0,"parent":0,"menu_order":0,"comment_status":"closed","ping_status":"closed","template":"","meta":{"footnotes":""},"class_list":["post-34","page","type-page","status-publish","hentry"],"yoast_head":"<!-- This site is optimized with the Yoast SEO plugin v27.4 - https:\/\/yoast.com\/product\/yoast-seo-wordpress\/ -->\n<title>Poolroboter - DerRoboterLaden<\/title>\n<meta name=\"description\" content=\"Ben\u00f6tigen Sie einen Roboter zur Reinigung Ihres Pools? Dann nehmen Sie doch einen Poolroboter von Zodiac Gern beraten wir Sie...\" \/>\n<meta name=\"robots\" content=\"index, follow, max-snippet:-1, max-image-preview:large, max-video-preview:-1\" \/>\n<link rel=\"canonical\" href=\"https:\/\/derroboterladen.de\/drl-wp\/index.php\/poolroboter\/\" \/>\n<meta property=\"og:locale\" content=\"de_DE\" \/>\n<meta property=\"og:type\" content=\"article\" \/>\n<meta property=\"og:title\" content=\"Poolroboter - DerRoboterLaden\" \/>\n<meta property=\"og:description\" content=\"Ben\u00f6tigen Sie einen Roboter zur Reinigung Ihres Pools? Dann nehmen Sie doch einen Poolroboter von Zodiac Gern beraten wir Sie...\" \/>\n<meta property=\"og:url\" content=\"https:\/\/derroboterladen.de\/drl-wp\/index.php\/poolroboter\/\" \/>\n<meta property=\"og:site_name\" content=\"DerRoboterLaden\" \/>\n<meta property=\"article:publisher\" content=\"http:\/\/www.facebook.com\/derroboterladen\" \/>\n<meta property=\"article:modified_time\" content=\"2018-10-05T15:27:19+00:00\" \/>\n<meta property=\"og:image\" content=\"http:\/\/derroboterladen.de\/drl-wp\/wp-content\/uploads\/2016\/02\/wp652ba630_05-300x184.jpg\" \/>\n<meta name=\"twitter:card\" content=\"summary_large_image\" \/>\n<meta name=\"twitter:label1\" content=\"Gesch\u00e4tzte Lesezeit\" \/>\n\t<meta name=\"twitter:data1\" content=\"1\u00a0Minute\" \/>\n<script type=\"application\/ld+json\" class=\"yoast-schema-graph\">{\"@context\":\"https:\\\/\\\/schema.org\",\"@graph\":[{\"@type\":\"WebPage\",\"@id\":\"https:\\\/\\\/derroboterladen.de\\\/drl-wp\\\/index.php\\\/poolroboter\\\/\",\"url\":\"https:\\\/\\\/derroboterladen.de\\\/drl-wp\\\/index.php\\\/poolroboter\\\/\",\"name\":\"Poolroboter - DerRoboterLaden\",\"isPartOf\":{\"@id\":\"https:\\\/\\\/derroboterladen.de\\\/drl-wp\\\/#website\"},\"primaryImageOfPage\":{\"@id\":\"https:\\\/\\\/derroboterladen.de\\\/drl-wp\\\/index.php\\\/poolroboter\\\/#primaryimage\"},\"image\":{\"@id\":\"https:\\\/\\\/derroboterladen.de\\\/drl-wp\\\/index.php\\\/poolroboter\\\/#primaryimage\"},\"thumbnailUrl\":\"http:\\\/\\\/derroboterladen.de\\\/drl-wp\\\/wp-content\\\/uploads\\\/2016\\\/02\\\/wp652ba630_05-300x184.jpg\",\"datePublished\":\"2015-10-23T15:43:10+00:00\",\"dateModified\":\"2018-10-05T15:27:19+00:00\",\"description\":\"Ben\u00f6tigen Sie einen Roboter zur Reinigung Ihres Pools? Dann nehmen Sie doch einen Poolroboter von Zodiac Gern beraten wir Sie...\",\"breadcrumb\":{\"@id\":\"https:\\\/\\\/derroboterladen.de\\\/drl-wp\\\/index.php\\\/poolroboter\\\/#breadcrumb\"},\"inLanguage\":\"de\",\"potentialAction\":[{\"@type\":\"ReadAction\",\"target\":[\"https:\\\/\\\/derroboterladen.de\\\/drl-wp\\\/index.php\\\/poolroboter\\\/\"]}]},{\"@type\":\"ImageObject\",\"inLanguage\":\"de\",\"@id\":\"https:\\\/\\\/derroboterladen.de\\\/drl-wp\\\/index.php\\\/poolroboter\\\/#primaryimage\",\"url\":\"http:\\\/\\\/derroboterladen.de\\\/drl-wp\\\/wp-content\\\/uploads\\\/2016\\\/02\\\/wp652ba630_05-300x184.jpg\",\"contentUrl\":\"http:\\\/\\\/derroboterladen.de\\\/drl-wp\\\/wp-content\\\/uploads\\\/2016\\\/02\\\/wp652ba630_05-300x184.jpg\"},{\"@type\":\"BreadcrumbList\",\"@id\":\"https:\\\/\\\/derroboterladen.de\\\/drl-wp\\\/index.php\\\/poolroboter\\\/#breadcrumb\",\"itemListElement\":[{\"@type\":\"ListItem\",\"position\":1,\"name\":\"Startseite\",\"item\":\"https:\\\/\\\/derroboterladen.de\\\/drl-wp\\\/\"},{\"@type\":\"ListItem\",\"position\":2,\"name\":\"Poolroboter\"}]},{\"@type\":\"WebSite\",\"@id\":\"https:\\\/\\\/derroboterladen.de\\\/drl-wp\\\/#website\",\"url\":\"https:\\\/\\\/derroboterladen.de\\\/drl-wp\\\/\",\"name\":\"DerRoboterLaden\",\"description\":\"\",\"potentialAction\":[{\"@type\":\"SearchAction\",\"target\":{\"@type\":\"EntryPoint\",\"urlTemplate\":\"https:\\\/\\\/derroboterladen.de\\\/drl-wp\\\/?s={search_term_string}\"},\"query-input\":{\"@type\":\"PropertyValueSpecification\",\"valueRequired\":true,\"valueName\":\"search_term_string\"}}],\"inLanguage\":\"de\"}]}<\/script>\n<!-- \/ Yoast SEO plugin. -->","yoast_head_json":{"title":"Poolroboter - DerRoboterLaden","description":"Ben\u00f6tigen Sie einen Roboter zur Reinigung Ihres Pools? Dann nehmen Sie doch einen Poolroboter von Zodiac Gern beraten wir Sie...","robots":{"index":"index","follow":"follow","max-snippet":"max-snippet:-1","max-image-preview":"max-image-preview:large","max-video-preview":"max-video-preview:-1"},"canonical":"https:\/\/derroboterladen.de\/drl-wp\/index.php\/poolroboter\/","og_locale":"de_DE","og_type":"article","og_title":"Poolroboter - DerRoboterLaden","og_description":"Ben\u00f6tigen Sie einen Roboter zur Reinigung Ihres Pools? Dann nehmen Sie doch einen Poolroboter von Zodiac Gern beraten wir Sie...","og_url":"https:\/\/derroboterladen.de\/drl-wp\/index.php\/poolroboter\/","og_site_name":"DerRoboterLaden","article_publisher":"http:\/\/www.facebook.com\/derroboterladen","article_modified_time":"2018-10-05T15:27:19+00:00","og_image":[{"url":"http:\/\/derroboterladen.de\/drl-wp\/wp-content\/uploads\/2016\/02\/wp652ba630_05-300x184.jpg","type":"","width":"","height":""}],"twitter_card":"summary_large_image","twitter_misc":{"Gesch\u00e4tzte Lesezeit":"1\u00a0Minute"},"schema":{"@context":"https:\/\/schema.org","@graph":[{"@type":"WebPage","@id":"https:\/\/derroboterladen.de\/drl-wp\/index.php\/poolroboter\/","url":"https:\/\/derroboterladen.de\/drl-wp\/index.php\/poolroboter\/","name":"Poolroboter - DerRoboterLaden","isPartOf":{"@id":"https:\/\/derroboterladen.de\/drl-wp\/#website"},"primaryImageOfPage":{"@id":"https:\/\/derroboterladen.de\/drl-wp\/index.php\/poolroboter\/#primaryimage"},"image":{"@id":"https:\/\/derroboterladen.de\/drl-wp\/index.php\/poolroboter\/#primaryimage"},"thumbnailUrl":"http:\/\/derroboterladen.de\/drl-wp\/wp-content\/uploads\/2016\/02\/wp652ba630_05-300x184.jpg","datePublished":"2015-10-23T15:43:10+00:00","dateModified":"2018-10-05T15:27:19+00:00","description":"Ben\u00f6tigen Sie einen Roboter zur Reinigung Ihres Pools? Dann nehmen Sie doch einen Poolroboter von Zodiac Gern beraten wir Sie...","breadcrumb":{"@id":"https:\/\/derroboterladen.de\/drl-wp\/index.php\/poolroboter\/#breadcrumb"},"inLanguage":"de","potentialAction":[{"@type":"ReadAction","target":["https:\/\/derroboterladen.de\/drl-wp\/index.php\/poolroboter\/"]}]},{"@type":"ImageObject","inLanguage":"de","@id":"https:\/\/derroboterladen.de\/drl-wp\/index.php\/poolroboter\/#primaryimage","url":"http:\/\/derroboterladen.de\/drl-wp\/wp-content\/uploads\/2016\/02\/wp652ba630_05-300x184.jpg","contentUrl":"http:\/\/derroboterladen.de\/drl-wp\/wp-content\/uploads\/2016\/02\/wp652ba630_05-300x184.jpg"},{"@type":"BreadcrumbList","@id":"https:\/\/derroboterladen.de\/drl-wp\/index.php\/poolroboter\/#breadcrumb","itemListElement":[{"@type":"ListItem","position":1,"name":"Startseite","item":"https:\/\/derroboterladen.de\/drl-wp\/"},{"@type":"ListItem","position":2,"name":"Poolroboter"}]},{"@type":"WebSite","@id":"https:\/\/derroboterladen.de\/drl-wp\/#website","url":"https:\/\/derroboterladen.de\/drl-wp\/","name":"DerRoboterLaden","description":"","potentialAction":[{"@type":"SearchAction","target":{"@type":"EntryPoint","urlTemplate":"https:\/\/derroboterladen.de\/drl-wp\/?s={search_term_string}"},"query-input":{"@type":"PropertyValueSpecification","valueRequired":true,"valueName":"search_term_string"}}],"inLanguage":"de"}]}},"_links":{"self":[{"href":"https:\/\/derroboterladen.de\/drl-wp\/index.php\/wp-json\/wp\/v2\/pages\/34","targetHints":{"allow":["GET"]}}],"collection":[{"href":"https:\/\/derroboterladen.de\/drl-wp\/index.php\/wp-json\/wp\/v2\/pages"}],"about":[{"href":"https:\/\/derroboterladen.de\/drl-wp\/index.php\/wp-json\/wp\/v2\/types\/page"}],"author":[{"embeddable":true,"href":"https:\/\/derroboterladen.de\/drl-wp\/index.php\/wp-json\/wp\/v2\/users\/1"}],"replies":[{"embeddable":true,"href":"https:\/\/derroboterladen.de\/drl-wp\/index.php\/wp-json\/wp\/v2\/comments?post=34"}],"version-history":[{"count":8,"href":"https:\/\/derroboterladen.de\/drl-wp\/index.php\/wp-json\/wp\/v2\/pages\/34\/revisions"}],"predecessor-version":[{"id":1035,"href":"https:\/\/derroboterladen.de\/drl-wp\/index.php\/wp-json\/wp\/v2\/pages\/34\/revisions\/1035"}],"wp:attachment":[{"href":"https:\/\/derroboterladen.de\/drl-wp\/index.php\/wp-json\/wp\/v2\/media?parent=34"}],"curies":[{"name":"wp","href":"https:\/\/api.w.org\/{rel}","templated":true}]}}