{"id":323,"date":"2016-07-29T15:46:16","date_gmt":"2016-07-29T13:46:16","guid":{"rendered":"http:\/\/derroboterladen.de\/drl-wp\/?page_id=323"},"modified":"2018-01-26T16:31:06","modified_gmt":"2018-01-26T15:31:06","slug":"unsere-leistungen","status":"publish","type":"page","link":"https:\/\/derroboterladen.de\/drl-wp\/index.php\/anbieter-fuer-rasenroboter\/unsere-leistungen\/","title":{"rendered":"Unsere Leistungen"},"content":{"rendered":"<p>Ein Rasenroboter ist ein vergleichsweise teures Ger\u00e4t, welches tadellos funktionieren soll.<\/p>\n<p>Damit dies von Anfang an so ist bieten wir ihnen folgende Leistungen an:<\/p>\n<ul>\n<li style=\"padding-left: 30px;\">kostenlosen Vorort-Termin um den richtigen Rasenroboter genau f\u00fcr ihr Grundst\u00fcck zu ermitteln<\/li>\n<li style=\"padding-left: 30px;\">faires unverbindliches Angebot<\/li>\n<li style=\"padding-left: 30px;\">komplette Installation inclusive einer ausf\u00fchrlichen Einweisung<\/li>\n<li style=\"padding-left: 30px;\">kostenlose Nachkontrolle und ggf. Nachjustage<\/li>\n<li style=\"padding-left: 30px;\">kostenloser Hol- und Bringservice im Garantiefall<\/li>\n<li style=\"padding-left: 30px;\">lebenslange kostenlose Updates im Rahmen des Winterchecks<\/li>\n<li style=\"padding-left: 30px;\">Ersatzger\u00e4t bei Reparaturen welche l\u00e4nger als 5 Werktage dauern<\/li>\n<\/ul>\n<p><span style=\"text-decoration: underline;\">Weitere Leistungen f\u00fcr Sie:<\/span><\/p>\n<p><span style=\"text-decoration: underline;\">Reparaturservice in vollem Umfang auch au\u00dferhalb der Garantie:<\/span><\/p>\n<p><a href=\"http:\/\/derroboterladen.de\/drl-wp\/wp-content\/uploads\/2016\/07\/IMG_08051.jpg\"><img loading=\"lazy\" decoding=\"async\" class=\" wp-image-343 alignleft\" src=\"http:\/\/derroboterladen.de\/drl-wp\/wp-content\/uploads\/2016\/07\/IMG_08051-300x225.jpg\" alt=\"Unsere Werkstatt\" width=\"272\" height=\"204\" srcset=\"https:\/\/derroboterladen.de\/drl-wp\/wp-content\/uploads\/2016\/07\/IMG_08051-300x225.jpg 300w, https:\/\/derroboterladen.de\/drl-wp\/wp-content\/uploads\/2016\/07\/IMG_08051.jpg 686w\" sizes=\"auto, (max-width: 272px) 100vw, 272px\" \/><\/a><\/p>\n<p><a href=\"http:\/\/derroboterladen.de\/drl-wp\/wp-content\/uploads\/2016\/07\/IMG_08101.jpg\"><img loading=\"lazy\" decoding=\"async\" class=\" wp-image-346 alignnone\" src=\"http:\/\/derroboterladen.de\/drl-wp\/wp-content\/uploads\/2016\/07\/IMG_08101-300x225.jpg\" alt=\"IMG_08101\" width=\"273\" height=\"205\" srcset=\"https:\/\/derroboterladen.de\/drl-wp\/wp-content\/uploads\/2016\/07\/IMG_08101-300x225.jpg 300w, https:\/\/derroboterladen.de\/drl-wp\/wp-content\/uploads\/2016\/07\/IMG_08101.jpg 816w\" sizes=\"auto, (max-width: 273px) 100vw, 273px\" \/><\/a><\/p>\n<p>&nbsp;<\/p>\n<p><span style=\"text-decoration: underline;\">Wintereinlagerung f\u00fcr ihren Rasenroboter:<\/span><\/p>\n<p><a href=\"http:\/\/derroboterladen.de\/drl-wp\/wp-content\/uploads\/2016\/07\/IMG_16951.jpg\"><img loading=\"lazy\" decoding=\"async\" class=\" wp-image-344 size-medium alignnone\" src=\"http:\/\/derroboterladen.de\/drl-wp\/wp-content\/uploads\/2016\/07\/IMG_16951-225x300.jpg\" alt=\"\" width=\"225\" height=\"300\" srcset=\"https:\/\/derroboterladen.de\/drl-wp\/wp-content\/uploads\/2016\/07\/IMG_16951-225x300.jpg 225w, https:\/\/derroboterladen.de\/drl-wp\/wp-content\/uploads\/2016\/07\/IMG_16951-768x1024.jpg 768w\" sizes=\"auto, (max-width: 225px) 100vw, 225px\" \/><\/a><\/p>\n<p>Gegen eine Geb\u00fchr holen wir Ihren Rasenroboter auf Wunsch bei Ihnen zu Hause ab, lagern ihn \u00fcber die Wintermonate ein, \u00fcbernehmen die Akkupflege u.v.m. und bringen Ihr &#8220;Sch\u00e4tzchen&#8221; im Fr\u00fchjahr wieder zu Ihnen zum Saisonstart. Gern informieren wir Sie \u00fcber alle <a href=\"http:\/\/derroboterladen.de\/drl-wp\/index.php\/wintercheck\/\">Details des &#8220;Winterchecks&#8221;.<\/a><\/p>\n<p><a href=\"http:\/\/derroboterladen.de\/drl-wp\/wp-content\/uploads\/2016\/07\/IMG_0801.jpg\"><img loading=\"lazy\" decoding=\"async\" class=\" size-medium wp-image-363 alignnone\" src=\"http:\/\/derroboterladen.de\/drl-wp\/wp-content\/uploads\/2016\/07\/IMG_0801-300x190.jpg\" alt=\"IMG_0801\" width=\"300\" height=\"190\" srcset=\"https:\/\/derroboterladen.de\/drl-wp\/wp-content\/uploads\/2016\/07\/IMG_0801-300x190.jpg 300w, https:\/\/derroboterladen.de\/drl-wp\/wp-content\/uploads\/2016\/07\/IMG_0801-1024x650.jpg 1024w, https:\/\/derroboterladen.de\/drl-wp\/wp-content\/uploads\/2016\/07\/IMG_0801.jpg 1593w\" sizes=\"auto, (max-width: 300px) 100vw, 300px\" \/><\/a><\/p>\n<p>Sollte ihr Ger\u00e4t doch einmal ein technisches Problem haben, so halten wir ein umfangreiches Ersatzteillager bereit, damit ihr Rasenroboter schnell wieder seiner &#8220;Arbeit&#8221; nachgehen kann bevor das Gras zu hoch w\u00e4chst.<\/p>\n<p>&nbsp;<\/p>\n<p>Nun h\u00e4tten wir noch eine Frage an Sie:<\/p>\n<p>Was k\u00f6nnen wir f\u00fcr Sie tun?<\/p>\n<p style=\"text-align: left;\">Ihr Team vom RoboterLaden in Hainichen<\/p>\n<p style=\"text-align: left;\">Telefon: 037207-650500<\/p>\n<p style=\"text-align: left;\"><a href=\"http:\/\/derroboterladen.de\/drl-wp\/wp-content\/uploads\/2016\/07\/Husqvarna_AutorisierterFachhaendler_2016_Hochformat.jpg\">\u00a0<\/a><\/p>\n","protected":false},"excerpt":{"rendered":"<p>Ein Rasenroboter ist ein vergleichsweise teures Ger\u00e4t, welches tadellos funktionieren soll. Damit dies von Anfang an so ist bieten wir ihnen folgende Leistungen an: kostenlosen Vorort-Termin um den richtigen Rasenroboter genau f\u00fcr ihr Grundst\u00fcck zu ermitteln faires unverbindliches Angebot komplette Installation inclusive einer ausf\u00fchrlichen Einweisung kostenlose Nachkontrolle und ggf. Nachjustage kostenloser Hol- und Bringservice im [&hellip;]<\/p>\n","protected":false},"author":1,"featured_media":0,"parent":23,"menu_order":0,"comment_status":"closed","ping_status":"closed","template":"","meta":{"footnotes":""},"class_list":["post-323","page","type-page","status-publish","hentry"],"yoast_head":"<!-- This site is optimized with the Yoast SEO plugin v27.4 - https:\/\/yoast.com\/product\/yoast-seo-wordpress\/ -->\n<title>Unsere Leistungen - DerRoboterLaden<\/title>\n<meta name=\"description\" content=\"Folgende Leistungen k\u00f6nnen sie von DerRoboterLaden erwarten: Verkauf, Aufbau und Reparatur von Rasenrobotern, Staubsaugroboter uvm.\" \/>\n<meta name=\"robots\" content=\"index, follow, max-snippet:-1, max-image-preview:large, max-video-preview:-1\" \/>\n<link rel=\"canonical\" href=\"https:\/\/derroboterladen.de\/drl-wp\/index.php\/anbieter-fuer-rasenroboter\/unsere-leistungen\/\" \/>\n<meta property=\"og:locale\" content=\"de_DE\" \/>\n<meta property=\"og:type\" content=\"article\" \/>\n<meta property=\"og:title\" content=\"Unsere Leistungen - DerRoboterLaden\" \/>\n<meta property=\"og:description\" content=\"Folgende Leistungen k\u00f6nnen sie von DerRoboterLaden erwarten: Verkauf, Aufbau und Reparatur von Rasenrobotern, Staubsaugroboter uvm.\" \/>\n<meta property=\"og:url\" content=\"https:\/\/derroboterladen.de\/drl-wp\/index.php\/anbieter-fuer-rasenroboter\/unsere-leistungen\/\" \/>\n<meta property=\"og:site_name\" content=\"DerRoboterLaden\" \/>\n<meta property=\"article:publisher\" content=\"http:\/\/www.facebook.com\/derroboterladen\" \/>\n<meta property=\"article:modified_time\" content=\"2018-01-26T15:31:06+00:00\" \/>\n<meta property=\"og:image\" content=\"http:\/\/derroboterladen.de\/drl-wp\/wp-content\/uploads\/2016\/07\/IMG_08051-300x225.jpg\" \/>\n<meta name=\"twitter:card\" content=\"summary_large_image\" \/>\n<meta name=\"twitter:label1\" content=\"Gesch\u00e4tzte Lesezeit\" \/>\n\t<meta name=\"twitter:data1\" content=\"1\u00a0Minute\" \/>\n<script type=\"application\/ld+json\" class=\"yoast-schema-graph\">{\"@context\":\"https:\\\/\\\/schema.org\",\"@graph\":[{\"@type\":\"WebPage\",\"@id\":\"https:\\\/\\\/derroboterladen.de\\\/drl-wp\\\/index.php\\\/anbieter-fuer-rasenroboter\\\/unsere-leistungen\\\/\",\"url\":\"https:\\\/\\\/derroboterladen.de\\\/drl-wp\\\/index.php\\\/anbieter-fuer-rasenroboter\\\/unsere-leistungen\\\/\",\"name\":\"Unsere Leistungen - DerRoboterLaden\",\"isPartOf\":{\"@id\":\"https:\\\/\\\/derroboterladen.de\\\/drl-wp\\\/#website\"},\"primaryImageOfPage\":{\"@id\":\"https:\\\/\\\/derroboterladen.de\\\/drl-wp\\\/index.php\\\/anbieter-fuer-rasenroboter\\\/unsere-leistungen\\\/#primaryimage\"},\"image\":{\"@id\":\"https:\\\/\\\/derroboterladen.de\\\/drl-wp\\\/index.php\\\/anbieter-fuer-rasenroboter\\\/unsere-leistungen\\\/#primaryimage\"},\"thumbnailUrl\":\"http:\\\/\\\/derroboterladen.de\\\/drl-wp\\\/wp-content\\\/uploads\\\/2016\\\/07\\\/IMG_08051-300x225.jpg\",\"datePublished\":\"2016-07-29T13:46:16+00:00\",\"dateModified\":\"2018-01-26T15:31:06+00:00\",\"description\":\"Folgende Leistungen k\u00f6nnen sie von DerRoboterLaden erwarten: Verkauf, Aufbau und Reparatur von Rasenrobotern, Staubsaugroboter uvm.\",\"breadcrumb\":{\"@id\":\"https:\\\/\\\/derroboterladen.de\\\/drl-wp\\\/index.php\\\/anbieter-fuer-rasenroboter\\\/unsere-leistungen\\\/#breadcrumb\"},\"inLanguage\":\"de\",\"potentialAction\":[{\"@type\":\"ReadAction\",\"target\":[\"https:\\\/\\\/derroboterladen.de\\\/drl-wp\\\/index.php\\\/anbieter-fuer-rasenroboter\\\/unsere-leistungen\\\/\"]}]},{\"@type\":\"ImageObject\",\"inLanguage\":\"de\",\"@id\":\"https:\\\/\\\/derroboterladen.de\\\/drl-wp\\\/index.php\\\/anbieter-fuer-rasenroboter\\\/unsere-leistungen\\\/#primaryimage\",\"url\":\"http:\\\/\\\/derroboterladen.de\\\/drl-wp\\\/wp-content\\\/uploads\\\/2016\\\/07\\\/IMG_08051-300x225.jpg\",\"contentUrl\":\"http:\\\/\\\/derroboterladen.de\\\/drl-wp\\\/wp-content\\\/uploads\\\/2016\\\/07\\\/IMG_08051-300x225.jpg\"},{\"@type\":\"BreadcrumbList\",\"@id\":\"https:\\\/\\\/derroboterladen.de\\\/drl-wp\\\/index.php\\\/anbieter-fuer-rasenroboter\\\/unsere-leistungen\\\/#breadcrumb\",\"itemListElement\":[{\"@type\":\"ListItem\",\"position\":1,\"name\":\"Startseite\",\"item\":\"https:\\\/\\\/derroboterladen.de\\\/drl-wp\\\/\"},{\"@type\":\"ListItem\",\"position\":2,\"name\":\"Anbieter f\u00fcr Rasenroboter\",\"item\":\"https:\\\/\\\/derroboterladen.de\\\/drl-wp\\\/index.php\\\/anbieter-fuer-rasenroboter\\\/\"},{\"@type\":\"ListItem\",\"position\":3,\"name\":\"Unsere Leistungen\"}]},{\"@type\":\"WebSite\",\"@id\":\"https:\\\/\\\/derroboterladen.de\\\/drl-wp\\\/#website\",\"url\":\"https:\\\/\\\/derroboterladen.de\\\/drl-wp\\\/\",\"name\":\"DerRoboterLaden\",\"description\":\"\",\"potentialAction\":[{\"@type\":\"SearchAction\",\"target\":{\"@type\":\"EntryPoint\",\"urlTemplate\":\"https:\\\/\\\/derroboterladen.de\\\/drl-wp\\\/?s={search_term_string}\"},\"query-input\":{\"@type\":\"PropertyValueSpecification\",\"valueRequired\":true,\"valueName\":\"search_term_string\"}}],\"inLanguage\":\"de\"}]}<\/script>\n<!-- \/ Yoast SEO plugin. -->","yoast_head_json":{"title":"Unsere Leistungen - DerRoboterLaden","description":"Folgende Leistungen k\u00f6nnen sie von DerRoboterLaden erwarten: Verkauf, Aufbau und Reparatur von Rasenrobotern, Staubsaugroboter uvm.","robots":{"index":"index","follow":"follow","max-snippet":"max-snippet:-1","max-image-preview":"max-image-preview:large","max-video-preview":"max-video-preview:-1"},"canonical":"https:\/\/derroboterladen.de\/drl-wp\/index.php\/anbieter-fuer-rasenroboter\/unsere-leistungen\/","og_locale":"de_DE","og_type":"article","og_title":"Unsere Leistungen - DerRoboterLaden","og_description":"Folgende Leistungen k\u00f6nnen sie von DerRoboterLaden erwarten: Verkauf, Aufbau und Reparatur von Rasenrobotern, Staubsaugroboter uvm.","og_url":"https:\/\/derroboterladen.de\/drl-wp\/index.php\/anbieter-fuer-rasenroboter\/unsere-leistungen\/","og_site_name":"DerRoboterLaden","article_publisher":"http:\/\/www.facebook.com\/derroboterladen","article_modified_time":"2018-01-26T15:31:06+00:00","og_image":[{"url":"http:\/\/derroboterladen.de\/drl-wp\/wp-content\/uploads\/2016\/07\/IMG_08051-300x225.jpg","type":"","width":"","height":""}],"twitter_card":"summary_large_image","twitter_misc":{"Gesch\u00e4tzte Lesezeit":"1\u00a0Minute"},"schema":{"@context":"https:\/\/schema.org","@graph":[{"@type":"WebPage","@id":"https:\/\/derroboterladen.de\/drl-wp\/index.php\/anbieter-fuer-rasenroboter\/unsere-leistungen\/","url":"https:\/\/derroboterladen.de\/drl-wp\/index.php\/anbieter-fuer-rasenroboter\/unsere-leistungen\/","name":"Unsere Leistungen - DerRoboterLaden","isPartOf":{"@id":"https:\/\/derroboterladen.de\/drl-wp\/#website"},"primaryImageOfPage":{"@id":"https:\/\/derroboterladen.de\/drl-wp\/index.php\/anbieter-fuer-rasenroboter\/unsere-leistungen\/#primaryimage"},"image":{"@id":"https:\/\/derroboterladen.de\/drl-wp\/index.php\/anbieter-fuer-rasenroboter\/unsere-leistungen\/#primaryimage"},"thumbnailUrl":"http:\/\/derroboterladen.de\/drl-wp\/wp-content\/uploads\/2016\/07\/IMG_08051-300x225.jpg","datePublished":"2016-07-29T13:46:16+00:00","dateModified":"2018-01-26T15:31:06+00:00","description":"Folgende Leistungen k\u00f6nnen sie von DerRoboterLaden erwarten: Verkauf, Aufbau und Reparatur von Rasenrobotern, Staubsaugroboter uvm.","breadcrumb":{"@id":"https:\/\/derroboterladen.de\/drl-wp\/index.php\/anbieter-fuer-rasenroboter\/unsere-leistungen\/#breadcrumb"},"inLanguage":"de","potentialAction":[{"@type":"ReadAction","target":["https:\/\/derroboterladen.de\/drl-wp\/index.php\/anbieter-fuer-rasenroboter\/unsere-leistungen\/"]}]},{"@type":"ImageObject","inLanguage":"de","@id":"https:\/\/derroboterladen.de\/drl-wp\/index.php\/anbieter-fuer-rasenroboter\/unsere-leistungen\/#primaryimage","url":"http:\/\/derroboterladen.de\/drl-wp\/wp-content\/uploads\/2016\/07\/IMG_08051-300x225.jpg","contentUrl":"http:\/\/derroboterladen.de\/drl-wp\/wp-content\/uploads\/2016\/07\/IMG_08051-300x225.jpg"},{"@type":"BreadcrumbList","@id":"https:\/\/derroboterladen.de\/drl-wp\/index.php\/anbieter-fuer-rasenroboter\/unsere-leistungen\/#breadcrumb","itemListElement":[{"@type":"ListItem","position":1,"name":"Startseite","item":"https:\/\/derroboterladen.de\/drl-wp\/"},{"@type":"ListItem","position":2,"name":"Anbieter f\u00fcr Rasenroboter","item":"https:\/\/derroboterladen.de\/drl-wp\/index.php\/anbieter-fuer-rasenroboter\/"},{"@type":"ListItem","position":3,"name":"Unsere Leistungen"}]},{"@type":"WebSite","@id":"https:\/\/derroboterladen.de\/drl-wp\/#website","url":"https:\/\/derroboterladen.de\/drl-wp\/","name":"DerRoboterLaden","description":"","potentialAction":[{"@type":"SearchAction","target":{"@type":"EntryPoint","urlTemplate":"https:\/\/derroboterladen.de\/drl-wp\/?s={search_term_string}"},"query-input":{"@type":"PropertyValueSpecification","valueRequired":true,"valueName":"search_term_string"}}],"inLanguage":"de"}]}},"_links":{"self":[{"href":"https:\/\/derroboterladen.de\/drl-wp\/index.php\/wp-json\/wp\/v2\/pages\/323","targetHints":{"allow":["GET"]}}],"collection":[{"href":"https:\/\/derroboterladen.de\/drl-wp\/index.php\/wp-json\/wp\/v2\/pages"}],"about":[{"href":"https:\/\/derroboterladen.de\/drl-wp\/index.php\/wp-json\/wp\/v2\/types\/page"}],"author":[{"embeddable":true,"href":"https:\/\/derroboterladen.de\/drl-wp\/index.php\/wp-json\/wp\/v2\/users\/1"}],"replies":[{"embeddable":true,"href":"https:\/\/derroboterladen.de\/drl-wp\/index.php\/wp-json\/wp\/v2\/comments?post=323"}],"version-history":[{"count":32,"href":"https:\/\/derroboterladen.de\/drl-wp\/index.php\/wp-json\/wp\/v2\/pages\/323\/revisions"}],"predecessor-version":[{"id":589,"href":"https:\/\/derroboterladen.de\/drl-wp\/index.php\/wp-json\/wp\/v2\/pages\/323\/revisions\/589"}],"up":[{"embeddable":true,"href":"https:\/\/derroboterladen.de\/drl-wp\/index.php\/wp-json\/wp\/v2\/pages\/23"}],"wp:attachment":[{"href":"https:\/\/derroboterladen.de\/drl-wp\/index.php\/wp-json\/wp\/v2\/media?parent=323"}],"curies":[{"name":"wp","href":"https:\/\/api.w.org\/{rel}","templated":true}]}}