{"id":23,"date":"2015-10-23T15:35:51","date_gmt":"2015-10-23T13:35:51","guid":{"rendered":"http:\/\/derroboterladen.de\/drl-wp\/?page_id=23"},"modified":"2025-12-04T13:19:19","modified_gmt":"2025-12-04T12:19:19","slug":"anbieter-fuer-rasenroboter","status":"publish","type":"page","link":"https:\/\/derroboterladen.de\/drl-wp\/index.php\/anbieter-fuer-rasenroboter\/","title":{"rendered":"Anbieter f\u00fcr Rasenroboter"},"content":{"rendered":"<p>Anbieter f\u00fcr Rasenroboter, welche wir Ihnen auf Wunsch nat\u00fcrlich auch aufbauen und installieren:<\/p>\n<p><a href=\"http:\/\/derroboterladen.de\/drl-wp\/index.php\/anbieter-fuer-rasenroboter\/husqvarna-automower-maehroboter\/\"><img loading=\"lazy\" decoding=\"async\" class=\" size-medium wp-image-58 aligncenter\" src=\"http:\/\/derroboterladen.de\/drl-wp\/wp-content\/uploads\/2015\/10\/wp15d5d509_05-300x57.jpg\" alt=\"Rasenroboter Husqvarna\" width=\"300\" height=\"57\" srcset=\"https:\/\/derroboterladen.de\/drl-wp\/wp-content\/uploads\/2015\/10\/wp15d5d509_05-300x57.jpg 300w, https:\/\/derroboterladen.de\/drl-wp\/wp-content\/uploads\/2015\/10\/wp15d5d509_05.jpg 359w\" sizes=\"auto, (max-width: 300px) 100vw, 300px\" \/><\/a><\/p>\n<p><a href=\"http:\/\/derroboterladen.de\/drl-wp\/index.php\/anbieter-fuer-rasenroboter\/wiper-blitz\/\"><img loading=\"lazy\" decoding=\"async\" class=\" size-medium wp-image-559 aligncenter\" src=\"http:\/\/derroboterladen.de\/drl-wp\/wp-content\/uploads\/2015\/10\/wiper-300x118.jpg\" alt=\"wiper\" width=\"300\" height=\"118\" srcset=\"https:\/\/derroboterladen.de\/drl-wp\/wp-content\/uploads\/2015\/10\/wiper-300x118.jpg 300w, https:\/\/derroboterladen.de\/drl-wp\/wp-content\/uploads\/2015\/10\/wiper.jpg 358w\" sizes=\"auto, (max-width: 300px) 100vw, 300px\" \/><\/a><\/p>\n<p style=\"text-align: center;\"><img loading=\"lazy\" decoding=\"async\" class=\"size-medium wp-image-1902 aligncenter\" src=\"http:\/\/derroboterladen.de\/drl-wp\/wp-content\/uploads\/2025\/12\/stiga_logo_black-300x63.jpg\" alt=\"\" width=\"300\" height=\"63\" srcset=\"https:\/\/derroboterladen.de\/drl-wp\/wp-content\/uploads\/2025\/12\/stiga_logo_black-300x63.jpg 300w, https:\/\/derroboterladen.de\/drl-wp\/wp-content\/uploads\/2025\/12\/stiga_logo_black-1024x216.jpg 1024w, https:\/\/derroboterladen.de\/drl-wp\/wp-content\/uploads\/2025\/12\/stiga_logo_black-768x162.jpg 768w, https:\/\/derroboterladen.de\/drl-wp\/wp-content\/uploads\/2025\/12\/stiga_logo_black-1536x325.jpg 1536w, https:\/\/derroboterladen.de\/drl-wp\/wp-content\/uploads\/2025\/12\/stiga_logo_black-2048x433.jpg 2048w\" sizes=\"auto, (max-width: 300px) 100vw, 300px\" \/><\/p>\n<p style=\"text-align: center;\"><img loading=\"lazy\" decoding=\"async\" class=\"size-medium wp-image-1904\" src=\"http:\/\/derroboterladen.de\/drl-wp\/wp-content\/uploads\/2025\/12\/Sunseeker-Claim_Signatur-300x125.jpg\" alt=\"\" width=\"300\" height=\"125\" srcset=\"https:\/\/derroboterladen.de\/drl-wp\/wp-content\/uploads\/2025\/12\/Sunseeker-Claim_Signatur-300x125.jpg 300w, https:\/\/derroboterladen.de\/drl-wp\/wp-content\/uploads\/2025\/12\/Sunseeker-Claim_Signatur.jpg 358w\" sizes=\"auto, (max-width: 300px) 100vw, 300px\" \/><\/p>\n","protected":false},"excerpt":{"rendered":"<p>Anbieter f\u00fcr Rasenroboter, welche wir Ihnen auf Wunsch nat\u00fcrlich auch aufbauen und installieren:<\/p>\n","protected":false},"author":1,"featured_media":0,"parent":0,"menu_order":0,"comment_status":"closed","ping_status":"closed","template":"","meta":{"footnotes":""},"class_list":["post-23","page","type-page","status-publish","hentry"],"yoast_head":"<!-- This site is optimized with the Yoast SEO plugin v27.6 - https:\/\/yoast.com\/product\/yoast-seo-wordpress\/ -->\n<title>Anbieter f\u00fcr Rasenroboter - DerRoboterLaden<\/title>\n<meta name=\"description\" content=\"Anbieter f\u00fcr Rasenroboter, welche wir Ihnen auf Wunsch nat\u00fcrlich auch aufbauen und installieren finden Sie hier.Nat\u00fcrlich reparieren wir diese auch f\u00fcr sie!\" \/>\n<meta name=\"robots\" content=\"index, follow, max-snippet:-1, max-image-preview:large, max-video-preview:-1\" \/>\n<link rel=\"canonical\" href=\"https:\/\/derroboterladen.de\/drl-wp\/index.php\/anbieter-fuer-rasenroboter\/\" \/>\n<meta property=\"og:locale\" content=\"de_DE\" \/>\n<meta property=\"og:type\" content=\"article\" \/>\n<meta property=\"og:title\" content=\"Anbieter f\u00fcr Rasenroboter - DerRoboterLaden\" \/>\n<meta property=\"og:description\" content=\"Anbieter f\u00fcr Rasenroboter, welche wir Ihnen auf Wunsch nat\u00fcrlich auch aufbauen und installieren finden Sie hier.Nat\u00fcrlich reparieren wir diese auch f\u00fcr sie!\" \/>\n<meta property=\"og:url\" content=\"https:\/\/derroboterladen.de\/drl-wp\/index.php\/anbieter-fuer-rasenroboter\/\" \/>\n<meta property=\"og:site_name\" content=\"DerRoboterLaden\" \/>\n<meta property=\"article:publisher\" content=\"http:\/\/www.facebook.com\/derroboterladen\" \/>\n<meta property=\"article:modified_time\" content=\"2025-12-04T12:19:19+00:00\" \/>\n<meta property=\"og:image\" content=\"https:\/\/derroboterladen.de\/drl-wp\/wp-content\/uploads\/2015\/10\/wp15d5d509_05.jpg\" \/>\n\t<meta property=\"og:image:width\" content=\"359\" \/>\n\t<meta property=\"og:image:height\" content=\"68\" \/>\n\t<meta property=\"og:image:type\" content=\"image\/jpeg\" \/>\n<meta name=\"twitter:card\" content=\"summary_large_image\" \/>\n<meta name=\"twitter:label1\" content=\"Gesch\u00e4tzte Lesezeit\" \/>\n\t<meta name=\"twitter:data1\" content=\"1\u00a0Minute\" \/>\n<script type=\"application\/ld+json\" class=\"yoast-schema-graph\">{\"@context\":\"https:\\\/\\\/schema.org\",\"@graph\":[{\"@type\":\"WebPage\",\"@id\":\"https:\\\/\\\/derroboterladen.de\\\/drl-wp\\\/index.php\\\/anbieter-fuer-rasenroboter\\\/\",\"url\":\"https:\\\/\\\/derroboterladen.de\\\/drl-wp\\\/index.php\\\/anbieter-fuer-rasenroboter\\\/\",\"name\":\"Anbieter f\u00fcr Rasenroboter - DerRoboterLaden\",\"isPartOf\":{\"@id\":\"https:\\\/\\\/derroboterladen.de\\\/drl-wp\\\/#website\"},\"primaryImageOfPage\":{\"@id\":\"https:\\\/\\\/derroboterladen.de\\\/drl-wp\\\/index.php\\\/anbieter-fuer-rasenroboter\\\/#primaryimage\"},\"image\":{\"@id\":\"https:\\\/\\\/derroboterladen.de\\\/drl-wp\\\/index.php\\\/anbieter-fuer-rasenroboter\\\/#primaryimage\"},\"thumbnailUrl\":\"http:\\\/\\\/derroboterladen.de\\\/drl-wp\\\/wp-content\\\/uploads\\\/2015\\\/10\\\/wp15d5d509_05-300x57.jpg\",\"datePublished\":\"2015-10-23T13:35:51+00:00\",\"dateModified\":\"2025-12-04T12:19:19+00:00\",\"description\":\"Anbieter f\u00fcr Rasenroboter, welche wir Ihnen auf Wunsch nat\u00fcrlich auch aufbauen und installieren finden Sie hier.Nat\u00fcrlich reparieren wir diese auch f\u00fcr sie!\",\"breadcrumb\":{\"@id\":\"https:\\\/\\\/derroboterladen.de\\\/drl-wp\\\/index.php\\\/anbieter-fuer-rasenroboter\\\/#breadcrumb\"},\"inLanguage\":\"de\",\"potentialAction\":[{\"@type\":\"ReadAction\",\"target\":[\"https:\\\/\\\/derroboterladen.de\\\/drl-wp\\\/index.php\\\/anbieter-fuer-rasenroboter\\\/\"]}]},{\"@type\":\"ImageObject\",\"inLanguage\":\"de\",\"@id\":\"https:\\\/\\\/derroboterladen.de\\\/drl-wp\\\/index.php\\\/anbieter-fuer-rasenroboter\\\/#primaryimage\",\"url\":\"http:\\\/\\\/derroboterladen.de\\\/drl-wp\\\/wp-content\\\/uploads\\\/2015\\\/10\\\/wp15d5d509_05-300x57.jpg\",\"contentUrl\":\"http:\\\/\\\/derroboterladen.de\\\/drl-wp\\\/wp-content\\\/uploads\\\/2015\\\/10\\\/wp15d5d509_05-300x57.jpg\"},{\"@type\":\"BreadcrumbList\",\"@id\":\"https:\\\/\\\/derroboterladen.de\\\/drl-wp\\\/index.php\\\/anbieter-fuer-rasenroboter\\\/#breadcrumb\",\"itemListElement\":[{\"@type\":\"ListItem\",\"position\":1,\"name\":\"Startseite\",\"item\":\"https:\\\/\\\/derroboterladen.de\\\/drl-wp\\\/\"},{\"@type\":\"ListItem\",\"position\":2,\"name\":\"Anbieter f\u00fcr Rasenroboter\"}]},{\"@type\":\"WebSite\",\"@id\":\"https:\\\/\\\/derroboterladen.de\\\/drl-wp\\\/#website\",\"url\":\"https:\\\/\\\/derroboterladen.de\\\/drl-wp\\\/\",\"name\":\"DerRoboterLaden\",\"description\":\"\",\"potentialAction\":[{\"@type\":\"SearchAction\",\"target\":{\"@type\":\"EntryPoint\",\"urlTemplate\":\"https:\\\/\\\/derroboterladen.de\\\/drl-wp\\\/?s={search_term_string}\"},\"query-input\":{\"@type\":\"PropertyValueSpecification\",\"valueRequired\":true,\"valueName\":\"search_term_string\"}}],\"inLanguage\":\"de\"}]}<\/script>\n<!-- \/ Yoast SEO plugin. -->","yoast_head_json":{"title":"Anbieter f\u00fcr Rasenroboter - DerRoboterLaden","description":"Anbieter f\u00fcr Rasenroboter, welche wir Ihnen auf Wunsch nat\u00fcrlich auch aufbauen und installieren finden Sie hier.Nat\u00fcrlich reparieren wir diese auch f\u00fcr sie!","robots":{"index":"index","follow":"follow","max-snippet":"max-snippet:-1","max-image-preview":"max-image-preview:large","max-video-preview":"max-video-preview:-1"},"canonical":"https:\/\/derroboterladen.de\/drl-wp\/index.php\/anbieter-fuer-rasenroboter\/","og_locale":"de_DE","og_type":"article","og_title":"Anbieter f\u00fcr Rasenroboter - DerRoboterLaden","og_description":"Anbieter f\u00fcr Rasenroboter, welche wir Ihnen auf Wunsch nat\u00fcrlich auch aufbauen und installieren finden Sie hier.Nat\u00fcrlich reparieren wir diese auch f\u00fcr sie!","og_url":"https:\/\/derroboterladen.de\/drl-wp\/index.php\/anbieter-fuer-rasenroboter\/","og_site_name":"DerRoboterLaden","article_publisher":"http:\/\/www.facebook.com\/derroboterladen","article_modified_time":"2025-12-04T12:19:19+00:00","og_image":[{"width":359,"height":68,"url":"https:\/\/derroboterladen.de\/drl-wp\/wp-content\/uploads\/2015\/10\/wp15d5d509_05.jpg","type":"image\/jpeg"}],"twitter_card":"summary_large_image","twitter_misc":{"Gesch\u00e4tzte Lesezeit":"1\u00a0Minute"},"schema":{"@context":"https:\/\/schema.org","@graph":[{"@type":"WebPage","@id":"https:\/\/derroboterladen.de\/drl-wp\/index.php\/anbieter-fuer-rasenroboter\/","url":"https:\/\/derroboterladen.de\/drl-wp\/index.php\/anbieter-fuer-rasenroboter\/","name":"Anbieter f\u00fcr Rasenroboter - DerRoboterLaden","isPartOf":{"@id":"https:\/\/derroboterladen.de\/drl-wp\/#website"},"primaryImageOfPage":{"@id":"https:\/\/derroboterladen.de\/drl-wp\/index.php\/anbieter-fuer-rasenroboter\/#primaryimage"},"image":{"@id":"https:\/\/derroboterladen.de\/drl-wp\/index.php\/anbieter-fuer-rasenroboter\/#primaryimage"},"thumbnailUrl":"http:\/\/derroboterladen.de\/drl-wp\/wp-content\/uploads\/2015\/10\/wp15d5d509_05-300x57.jpg","datePublished":"2015-10-23T13:35:51+00:00","dateModified":"2025-12-04T12:19:19+00:00","description":"Anbieter f\u00fcr Rasenroboter, welche wir Ihnen auf Wunsch nat\u00fcrlich auch aufbauen und installieren finden Sie hier.Nat\u00fcrlich reparieren wir diese auch f\u00fcr sie!","breadcrumb":{"@id":"https:\/\/derroboterladen.de\/drl-wp\/index.php\/anbieter-fuer-rasenroboter\/#breadcrumb"},"inLanguage":"de","potentialAction":[{"@type":"ReadAction","target":["https:\/\/derroboterladen.de\/drl-wp\/index.php\/anbieter-fuer-rasenroboter\/"]}]},{"@type":"ImageObject","inLanguage":"de","@id":"https:\/\/derroboterladen.de\/drl-wp\/index.php\/anbieter-fuer-rasenroboter\/#primaryimage","url":"http:\/\/derroboterladen.de\/drl-wp\/wp-content\/uploads\/2015\/10\/wp15d5d509_05-300x57.jpg","contentUrl":"http:\/\/derroboterladen.de\/drl-wp\/wp-content\/uploads\/2015\/10\/wp15d5d509_05-300x57.jpg"},{"@type":"BreadcrumbList","@id":"https:\/\/derroboterladen.de\/drl-wp\/index.php\/anbieter-fuer-rasenroboter\/#breadcrumb","itemListElement":[{"@type":"ListItem","position":1,"name":"Startseite","item":"https:\/\/derroboterladen.de\/drl-wp\/"},{"@type":"ListItem","position":2,"name":"Anbieter f\u00fcr Rasenroboter"}]},{"@type":"WebSite","@id":"https:\/\/derroboterladen.de\/drl-wp\/#website","url":"https:\/\/derroboterladen.de\/drl-wp\/","name":"DerRoboterLaden","description":"","potentialAction":[{"@type":"SearchAction","target":{"@type":"EntryPoint","urlTemplate":"https:\/\/derroboterladen.de\/drl-wp\/?s={search_term_string}"},"query-input":{"@type":"PropertyValueSpecification","valueRequired":true,"valueName":"search_term_string"}}],"inLanguage":"de"}]}},"_links":{"self":[{"href":"https:\/\/derroboterladen.de\/drl-wp\/index.php\/wp-json\/wp\/v2\/pages\/23","targetHints":{"allow":["GET"]}}],"collection":[{"href":"https:\/\/derroboterladen.de\/drl-wp\/index.php\/wp-json\/wp\/v2\/pages"}],"about":[{"href":"https:\/\/derroboterladen.de\/drl-wp\/index.php\/wp-json\/wp\/v2\/types\/page"}],"author":[{"embeddable":true,"href":"https:\/\/derroboterladen.de\/drl-wp\/index.php\/wp-json\/wp\/v2\/users\/1"}],"replies":[{"embeddable":true,"href":"https:\/\/derroboterladen.de\/drl-wp\/index.php\/wp-json\/wp\/v2\/comments?post=23"}],"version-history":[{"count":14,"href":"https:\/\/derroboterladen.de\/drl-wp\/index.php\/wp-json\/wp\/v2\/pages\/23\/revisions"}],"predecessor-version":[{"id":1905,"href":"https:\/\/derroboterladen.de\/drl-wp\/index.php\/wp-json\/wp\/v2\/pages\/23\/revisions\/1905"}],"wp:attachment":[{"href":"https:\/\/derroboterladen.de\/drl-wp\/index.php\/wp-json\/wp\/v2\/media?parent=23"}],"curies":[{"name":"wp","href":"https:\/\/api.w.org\/{rel}","templated":true}]}}