{"id":189,"date":"2016-02-03T17:21:06","date_gmt":"2016-02-03T16:21:06","guid":{"rendered":"http:\/\/derroboterladen.de\/drl-wp\/?page_id=189"},"modified":"2016-12-19T17:40:41","modified_gmt":"2016-12-19T16:40:41","slug":"dachrinnenreiniger","status":"publish","type":"page","link":"https:\/\/derroboterladen.de\/drl-wp\/index.php\/dachrinnenreiniger\/","title":{"rendered":"Dachrinnenreiniger"},"content":{"rendered":"<p>Dachrinnen reinigen war noch nie so einfach wie heute. Keine lange Leiter, kein Ger\u00fcst, kein Risiko! Einfach vom Fenster aus in die Dachrinnen einsetzen und mit der Fernbedienung steuern.<\/p>\n<p><a href=\"http:\/\/derroboterladen.de\/drl-wp\/wp-content\/uploads\/2016\/02\/looj330.png\"><img loading=\"lazy\" decoding=\"async\" class=\" size-medium wp-image-190 alignleft\" src=\"http:\/\/derroboterladen.de\/drl-wp\/wp-content\/uploads\/2016\/02\/looj330-300x168.png\" alt=\"Dachrinnenreiniger looj330\" width=\"300\" height=\"168\" srcset=\"https:\/\/derroboterladen.de\/drl-wp\/wp-content\/uploads\/2016\/02\/looj330-300x168.png 300w, https:\/\/derroboterladen.de\/drl-wp\/wp-content\/uploads\/2016\/02\/looj330.png 385w\" sizes=\"auto, (max-width: 300px) 100vw, 300px\" \/><\/a>iRobot Looj330<\/p>\n<p>Das Laub und der Schmutz werden dabei aus der Rinne geschleudert und k\u00f6nnen dann vom Boden sicher aufgesammelt werden. Dazu kommt durch die einmaligen Anschaffungskosten auch eine finanzielle Ersparnis, da gerade bei hohen Geb\u00e4uden kein Geld mehr f\u00fcr Hebeb\u00fchnen ausgegeben werden muss. (UVP: 329,-\u20ac)<\/p>\n<p>&nbsp;<\/p>\n<p>&nbsp;<\/p>\n<p>&nbsp;<\/p>\n","protected":false},"excerpt":{"rendered":"<p>Dachrinnen reinigen war noch nie so einfach wie heute. Keine lange Leiter, kein Ger\u00fcst, kein Risiko! Einfach vom Fenster aus in die Dachrinnen einsetzen und mit der Fernbedienung steuern. iRobot Looj330 Das Laub und der Schmutz werden dabei aus der Rinne geschleudert und k\u00f6nnen dann vom Boden sicher aufgesammelt werden. Dazu kommt durch die einmaligen [&hellip;]<\/p>\n","protected":false},"author":1,"featured_media":0,"parent":0,"menu_order":0,"comment_status":"closed","ping_status":"closed","template":"","meta":{"footnotes":""},"class_list":["post-189","page","type-page","status-publish","hentry"],"yoast_head":"<!-- This site is optimized with the Yoast SEO plugin v27.5 - https:\/\/yoast.com\/product\/yoast-seo-wordpress\/ -->\n<title>Dachrinnenreiniger - DerRoboterLaden<\/title>\n<meta name=\"description\" content=\"Dachrinnen reinigen war noch nie so einfach wie heute. Keine lange Leiter, kein Ger\u00fcst, kein Risiko...mit Dachrinnenreiniger von iRobot.\" \/>\n<meta name=\"robots\" content=\"index, follow, max-snippet:-1, max-image-preview:large, max-video-preview:-1\" \/>\n<link rel=\"canonical\" href=\"https:\/\/derroboterladen.de\/drl-wp\/index.php\/dachrinnenreiniger\/\" \/>\n<meta property=\"og:locale\" content=\"de_DE\" \/>\n<meta property=\"og:type\" content=\"article\" \/>\n<meta property=\"og:title\" content=\"Dachrinnenreiniger - DerRoboterLaden\" \/>\n<meta property=\"og:description\" content=\"Dachrinnen reinigen war noch nie so einfach wie heute. Keine lange Leiter, kein Ger\u00fcst, kein Risiko...mit Dachrinnenreiniger von iRobot.\" \/>\n<meta property=\"og:url\" content=\"https:\/\/derroboterladen.de\/drl-wp\/index.php\/dachrinnenreiniger\/\" \/>\n<meta property=\"og:site_name\" content=\"DerRoboterLaden\" \/>\n<meta property=\"article:publisher\" content=\"http:\/\/www.facebook.com\/derroboterladen\" \/>\n<meta property=\"article:modified_time\" content=\"2016-12-19T16:40:41+00:00\" \/>\n<meta property=\"og:image\" content=\"http:\/\/derroboterladen.de\/drl-wp\/wp-content\/uploads\/2016\/02\/looj330-300x168.png\" \/>\n<meta name=\"twitter:card\" content=\"summary_large_image\" \/>\n<script type=\"application\/ld+json\" class=\"yoast-schema-graph\">{\"@context\":\"https:\\\/\\\/schema.org\",\"@graph\":[{\"@type\":\"WebPage\",\"@id\":\"https:\\\/\\\/derroboterladen.de\\\/drl-wp\\\/index.php\\\/dachrinnenreiniger\\\/\",\"url\":\"https:\\\/\\\/derroboterladen.de\\\/drl-wp\\\/index.php\\\/dachrinnenreiniger\\\/\",\"name\":\"Dachrinnenreiniger - DerRoboterLaden\",\"isPartOf\":{\"@id\":\"https:\\\/\\\/derroboterladen.de\\\/drl-wp\\\/#website\"},\"primaryImageOfPage\":{\"@id\":\"https:\\\/\\\/derroboterladen.de\\\/drl-wp\\\/index.php\\\/dachrinnenreiniger\\\/#primaryimage\"},\"image\":{\"@id\":\"https:\\\/\\\/derroboterladen.de\\\/drl-wp\\\/index.php\\\/dachrinnenreiniger\\\/#primaryimage\"},\"thumbnailUrl\":\"http:\\\/\\\/derroboterladen.de\\\/drl-wp\\\/wp-content\\\/uploads\\\/2016\\\/02\\\/looj330-300x168.png\",\"datePublished\":\"2016-02-03T16:21:06+00:00\",\"dateModified\":\"2016-12-19T16:40:41+00:00\",\"description\":\"Dachrinnen reinigen war noch nie so einfach wie heute. Keine lange Leiter, kein Ger\u00fcst, kein Risiko...mit Dachrinnenreiniger von iRobot.\",\"breadcrumb\":{\"@id\":\"https:\\\/\\\/derroboterladen.de\\\/drl-wp\\\/index.php\\\/dachrinnenreiniger\\\/#breadcrumb\"},\"inLanguage\":\"de\",\"potentialAction\":[{\"@type\":\"ReadAction\",\"target\":[\"https:\\\/\\\/derroboterladen.de\\\/drl-wp\\\/index.php\\\/dachrinnenreiniger\\\/\"]}]},{\"@type\":\"ImageObject\",\"inLanguage\":\"de\",\"@id\":\"https:\\\/\\\/derroboterladen.de\\\/drl-wp\\\/index.php\\\/dachrinnenreiniger\\\/#primaryimage\",\"url\":\"http:\\\/\\\/derroboterladen.de\\\/drl-wp\\\/wp-content\\\/uploads\\\/2016\\\/02\\\/looj330-300x168.png\",\"contentUrl\":\"http:\\\/\\\/derroboterladen.de\\\/drl-wp\\\/wp-content\\\/uploads\\\/2016\\\/02\\\/looj330-300x168.png\"},{\"@type\":\"BreadcrumbList\",\"@id\":\"https:\\\/\\\/derroboterladen.de\\\/drl-wp\\\/index.php\\\/dachrinnenreiniger\\\/#breadcrumb\",\"itemListElement\":[{\"@type\":\"ListItem\",\"position\":1,\"name\":\"Startseite\",\"item\":\"https:\\\/\\\/derroboterladen.de\\\/drl-wp\\\/\"},{\"@type\":\"ListItem\",\"position\":2,\"name\":\"Dachrinnenreiniger\"}]},{\"@type\":\"WebSite\",\"@id\":\"https:\\\/\\\/derroboterladen.de\\\/drl-wp\\\/#website\",\"url\":\"https:\\\/\\\/derroboterladen.de\\\/drl-wp\\\/\",\"name\":\"DerRoboterLaden\",\"description\":\"\",\"potentialAction\":[{\"@type\":\"SearchAction\",\"target\":{\"@type\":\"EntryPoint\",\"urlTemplate\":\"https:\\\/\\\/derroboterladen.de\\\/drl-wp\\\/?s={search_term_string}\"},\"query-input\":{\"@type\":\"PropertyValueSpecification\",\"valueRequired\":true,\"valueName\":\"search_term_string\"}}],\"inLanguage\":\"de\"}]}<\/script>\n<!-- \/ Yoast SEO plugin. -->","yoast_head_json":{"title":"Dachrinnenreiniger - DerRoboterLaden","description":"Dachrinnen reinigen war noch nie so einfach wie heute. Keine lange Leiter, kein Ger\u00fcst, kein Risiko...mit Dachrinnenreiniger von iRobot.","robots":{"index":"index","follow":"follow","max-snippet":"max-snippet:-1","max-image-preview":"max-image-preview:large","max-video-preview":"max-video-preview:-1"},"canonical":"https:\/\/derroboterladen.de\/drl-wp\/index.php\/dachrinnenreiniger\/","og_locale":"de_DE","og_type":"article","og_title":"Dachrinnenreiniger - DerRoboterLaden","og_description":"Dachrinnen reinigen war noch nie so einfach wie heute. Keine lange Leiter, kein Ger\u00fcst, kein Risiko...mit Dachrinnenreiniger von iRobot.","og_url":"https:\/\/derroboterladen.de\/drl-wp\/index.php\/dachrinnenreiniger\/","og_site_name":"DerRoboterLaden","article_publisher":"http:\/\/www.facebook.com\/derroboterladen","article_modified_time":"2016-12-19T16:40:41+00:00","og_image":[{"url":"http:\/\/derroboterladen.de\/drl-wp\/wp-content\/uploads\/2016\/02\/looj330-300x168.png","type":"","width":"","height":""}],"twitter_card":"summary_large_image","schema":{"@context":"https:\/\/schema.org","@graph":[{"@type":"WebPage","@id":"https:\/\/derroboterladen.de\/drl-wp\/index.php\/dachrinnenreiniger\/","url":"https:\/\/derroboterladen.de\/drl-wp\/index.php\/dachrinnenreiniger\/","name":"Dachrinnenreiniger - DerRoboterLaden","isPartOf":{"@id":"https:\/\/derroboterladen.de\/drl-wp\/#website"},"primaryImageOfPage":{"@id":"https:\/\/derroboterladen.de\/drl-wp\/index.php\/dachrinnenreiniger\/#primaryimage"},"image":{"@id":"https:\/\/derroboterladen.de\/drl-wp\/index.php\/dachrinnenreiniger\/#primaryimage"},"thumbnailUrl":"http:\/\/derroboterladen.de\/drl-wp\/wp-content\/uploads\/2016\/02\/looj330-300x168.png","datePublished":"2016-02-03T16:21:06+00:00","dateModified":"2016-12-19T16:40:41+00:00","description":"Dachrinnen reinigen war noch nie so einfach wie heute. Keine lange Leiter, kein Ger\u00fcst, kein Risiko...mit Dachrinnenreiniger von iRobot.","breadcrumb":{"@id":"https:\/\/derroboterladen.de\/drl-wp\/index.php\/dachrinnenreiniger\/#breadcrumb"},"inLanguage":"de","potentialAction":[{"@type":"ReadAction","target":["https:\/\/derroboterladen.de\/drl-wp\/index.php\/dachrinnenreiniger\/"]}]},{"@type":"ImageObject","inLanguage":"de","@id":"https:\/\/derroboterladen.de\/drl-wp\/index.php\/dachrinnenreiniger\/#primaryimage","url":"http:\/\/derroboterladen.de\/drl-wp\/wp-content\/uploads\/2016\/02\/looj330-300x168.png","contentUrl":"http:\/\/derroboterladen.de\/drl-wp\/wp-content\/uploads\/2016\/02\/looj330-300x168.png"},{"@type":"BreadcrumbList","@id":"https:\/\/derroboterladen.de\/drl-wp\/index.php\/dachrinnenreiniger\/#breadcrumb","itemListElement":[{"@type":"ListItem","position":1,"name":"Startseite","item":"https:\/\/derroboterladen.de\/drl-wp\/"},{"@type":"ListItem","position":2,"name":"Dachrinnenreiniger"}]},{"@type":"WebSite","@id":"https:\/\/derroboterladen.de\/drl-wp\/#website","url":"https:\/\/derroboterladen.de\/drl-wp\/","name":"DerRoboterLaden","description":"","potentialAction":[{"@type":"SearchAction","target":{"@type":"EntryPoint","urlTemplate":"https:\/\/derroboterladen.de\/drl-wp\/?s={search_term_string}"},"query-input":{"@type":"PropertyValueSpecification","valueRequired":true,"valueName":"search_term_string"}}],"inLanguage":"de"}]}},"_links":{"self":[{"href":"https:\/\/derroboterladen.de\/drl-wp\/index.php\/wp-json\/wp\/v2\/pages\/189","targetHints":{"allow":["GET"]}}],"collection":[{"href":"https:\/\/derroboterladen.de\/drl-wp\/index.php\/wp-json\/wp\/v2\/pages"}],"about":[{"href":"https:\/\/derroboterladen.de\/drl-wp\/index.php\/wp-json\/wp\/v2\/types\/page"}],"author":[{"embeddable":true,"href":"https:\/\/derroboterladen.de\/drl-wp\/index.php\/wp-json\/wp\/v2\/users\/1"}],"replies":[{"embeddable":true,"href":"https:\/\/derroboterladen.de\/drl-wp\/index.php\/wp-json\/wp\/v2\/comments?post=189"}],"version-history":[{"count":7,"href":"https:\/\/derroboterladen.de\/drl-wp\/index.php\/wp-json\/wp\/v2\/pages\/189\/revisions"}],"predecessor-version":[{"id":415,"href":"https:\/\/derroboterladen.de\/drl-wp\/index.php\/wp-json\/wp\/v2\/pages\/189\/revisions\/415"}],"wp:attachment":[{"href":"https:\/\/derroboterladen.de\/drl-wp\/index.php\/wp-json\/wp\/v2\/media?parent=189"}],"curies":[{"name":"wp","href":"https:\/\/api.w.org\/{rel}","templated":true}]}}