{"id":1492,"date":"2022-02-04T17:43:52","date_gmt":"2022-02-04T16:43:52","guid":{"rendered":"https:\/\/derroboterladen.de\/drl-wp\/?page_id=1492"},"modified":"2025-03-14T13:52:21","modified_gmt":"2025-03-14T12:52:21","slug":"motor-gartengeraete","status":"publish","type":"page","link":"https:\/\/derroboterladen.de\/drl-wp\/index.php\/motor-gartengeraete\/","title":{"rendered":"Rider"},"content":{"rendered":"<table>\n<tbody>\n<tr>\n<td width=\"50%\"><img loading=\"lazy\" decoding=\"async\" class=\"alignleft wp-image-1855 size-full\" src=\"http:\/\/derroboterladen.de\/drl-wp\/wp-content\/uploads\/2025\/03\/970601701.jpg\" alt=\"\" width=\"597\" height=\"437\" srcset=\"https:\/\/derroboterladen.de\/drl-wp\/wp-content\/uploads\/2025\/03\/970601701.jpg 597w, https:\/\/derroboterladen.de\/drl-wp\/wp-content\/uploads\/2025\/03\/970601701-300x220.jpg 300w\" sizes=\"auto, (max-width: 597px) 100vw, 597px\" \/><\/td>\n<td width=\"50%\">Husqvarna Rider P524XR<\/p>\n<p>UVP: 24999,-\u20ac<\/td>\n<\/tr>\n<\/tbody>\n<\/table>\n<table>\n<tbody>\n<tr>\n<td width=\"50%\"><a href=\"http:\/\/derroboterladen.de\/drl-wp\/wp-content\/uploads\/2017\/07\/LC141LI.png\"><img loading=\"lazy\" decoding=\"async\" class=\"aligncenter wp-image-1507 size-medium\" src=\"http:\/\/derroboterladen.de\/drl-wp\/wp-content\/uploads\/2022\/02\/967648401-300x300.png\" alt=\"\" width=\"300\" height=\"300\" srcset=\"https:\/\/derroboterladen.de\/drl-wp\/wp-content\/uploads\/2022\/02\/967648401.png 300w, https:\/\/derroboterladen.de\/drl-wp\/wp-content\/uploads\/2022\/02\/967648401-150x150.png 150w, https:\/\/derroboterladen.de\/drl-wp\/wp-content\/uploads\/2022\/02\/967648401-50x50.png 50w, https:\/\/derroboterladen.de\/drl-wp\/wp-content\/uploads\/2022\/02\/967648401-80x80.png 80w\" sizes=\"auto, (max-width: 300px) 100vw, 300px\" \/><\/a><\/td>\n<td width=\"50%\">Husqvarna Rider R214C incl.M\u00e4hdeck Combi 94Arbeitsbreite: 94cm<\/p>\n<p>Schnitth\u00f6he: 25-75mm<\/p>\n<p>Fangbox: &#8211;<\/p>\n<p>Gewicht: 228kg<\/p>\n<p>Antriebsart: 8,4kW Benzin<\/p>\n<p>UVP: 4199,-\u20ac (incl. M\u00e4hdeck Combi 94)<\/td>\n<\/tr>\n<\/tbody>\n<\/table>\n<table>\n<tbody>\n<tr>\n<td width=\"50%\"><img loading=\"lazy\" decoding=\"async\" class=\"aligncenter wp-image-1782 size-medium\" src=\"http:\/\/derroboterladen.de\/drl-wp\/wp-content\/uploads\/2024\/02\/970542301-300x194.png\" alt=\"\" width=\"300\" height=\"194\" srcset=\"https:\/\/derroboterladen.de\/drl-wp\/wp-content\/uploads\/2024\/02\/970542301-300x194.png 300w, https:\/\/derroboterladen.de\/drl-wp\/wp-content\/uploads\/2024\/02\/970542301.png 463w\" sizes=\"auto, (max-width: 300px) 100vw, 300px\" \/><\/td>\n<td width=\"50%\">Husqvarna Rider R214TC incl.M\u00e4hdeck Combi 94Arbeitsbreite: 94cm<\/p>\n<p>Schnitth\u00f6he: 25-75mm<\/p>\n<p>Gewicht: 243kg<\/p>\n<p>Antriebsart: 12kW Benzin<\/p>\n<p>UVP: 5299,-\u20ac (incl. M\u00e4hdeck Combi 94)<\/td>\n<\/tr>\n<\/tbody>\n<\/table>\n<table>\n<tbody>\n<tr>\n<td width=\"50%\"><img loading=\"lazy\" decoding=\"async\" class=\"aligncenter wp-image-1782 size-medium\" src=\"http:\/\/derroboterladen.de\/drl-wp\/wp-content\/uploads\/2024\/02\/970542301-300x194.png\" alt=\"\" width=\"300\" height=\"194\" srcset=\"https:\/\/derroboterladen.de\/drl-wp\/wp-content\/uploads\/2024\/02\/970542301-300x194.png 300w, https:\/\/derroboterladen.de\/drl-wp\/wp-content\/uploads\/2024\/02\/970542301.png 463w\" sizes=\"auto, (max-width: 300px) 100vw, 300px\" \/><\/td>\n<td width=\"50%\">Husqvarna Rider R112C5 incl.M\u00e4hdeck Combi 85Arbeitsbreite: 85cm<\/p>\n<p>Schnitth\u00f6he: 25-70mm<\/p>\n<p>Fangbox: &#8211;<\/p>\n<p>Gewicht: 190kg<\/p>\n<p>Antriebsart: 8,4kW Benzin<\/p>\n<p>UVP: 3299,-\u20ac (incl. M\u00e4hdeck Combi 85)<\/td>\n<\/tr>\n<\/tbody>\n<\/table>\n<hr \/>\n","protected":false},"excerpt":{"rendered":"<p>Husqvarna Rider P524XR UVP: 24999,-\u20ac Husqvarna Rider R214C incl.M\u00e4hdeck Combi 94Arbeitsbreite: 94cm Schnitth\u00f6he: 25-75mm Fangbox: &#8211; Gewicht: 228kg Antriebsart: 8,4kW Benzin UVP: 4199,-\u20ac (incl. M\u00e4hdeck Combi 94) Husqvarna Rider R214TC incl.M\u00e4hdeck Combi 94Arbeitsbreite: 94cm Schnitth\u00f6he: 25-75mm Gewicht: 243kg Antriebsart: 12kW Benzin UVP: 5299,-\u20ac (incl. M\u00e4hdeck Combi 94) Husqvarna Rider R112C5 incl.M\u00e4hdeck Combi 85Arbeitsbreite: 85cm Schnitth\u00f6he: [&hellip;]<\/p>\n","protected":false},"author":1,"featured_media":0,"parent":0,"menu_order":0,"comment_status":"closed","ping_status":"closed","template":"","meta":{"footnotes":""},"class_list":["post-1492","page","type-page","status-publish","hentry"],"yoast_head":"<!-- This site is optimized with the Yoast SEO plugin v27.4 - https:\/\/yoast.com\/product\/yoast-seo-wordpress\/ -->\n<title>Rider - DerRoboterLaden<\/title>\n<meta name=\"robots\" content=\"index, follow, max-snippet:-1, max-image-preview:large, max-video-preview:-1\" \/>\n<link rel=\"canonical\" href=\"https:\/\/derroboterladen.de\/drl-wp\/index.php\/motor-gartengeraete\/\" \/>\n<meta property=\"og:locale\" content=\"de_DE\" \/>\n<meta property=\"og:type\" content=\"article\" \/>\n<meta property=\"og:title\" content=\"Rider - DerRoboterLaden\" \/>\n<meta property=\"og:description\" content=\"Husqvarna Rider P524XR UVP: 24999,-\u20ac Husqvarna Rider R214C incl.M\u00e4hdeck Combi 94Arbeitsbreite: 94cm Schnitth\u00f6he: 25-75mm Fangbox: &#8211; Gewicht: 228kg Antriebsart: 8,4kW Benzin UVP: 4199,-\u20ac (incl. M\u00e4hdeck Combi 94) Husqvarna Rider R214TC incl.M\u00e4hdeck Combi 94Arbeitsbreite: 94cm Schnitth\u00f6he: 25-75mm Gewicht: 243kg Antriebsart: 12kW Benzin UVP: 5299,-\u20ac (incl. M\u00e4hdeck Combi 94) Husqvarna Rider R112C5 incl.M\u00e4hdeck Combi 85Arbeitsbreite: 85cm Schnitth\u00f6he: [&hellip;]\" \/>\n<meta property=\"og:url\" content=\"https:\/\/derroboterladen.de\/drl-wp\/index.php\/motor-gartengeraete\/\" \/>\n<meta property=\"og:site_name\" content=\"DerRoboterLaden\" \/>\n<meta property=\"article:publisher\" content=\"http:\/\/www.facebook.com\/derroboterladen\" \/>\n<meta property=\"article:modified_time\" content=\"2025-03-14T12:52:21+00:00\" \/>\n<meta property=\"og:image\" content=\"http:\/\/derroboterladen.de\/drl-wp\/wp-content\/uploads\/2025\/03\/970601701.jpg\" \/>\n<meta name=\"twitter:card\" content=\"summary_large_image\" \/>\n<meta name=\"twitter:label1\" content=\"Gesch\u00e4tzte Lesezeit\" \/>\n\t<meta name=\"twitter:data1\" content=\"2\u00a0Minuten\" \/>\n<script type=\"application\/ld+json\" class=\"yoast-schema-graph\">{\"@context\":\"https:\\\/\\\/schema.org\",\"@graph\":[{\"@type\":\"WebPage\",\"@id\":\"https:\\\/\\\/derroboterladen.de\\\/drl-wp\\\/index.php\\\/motor-gartengeraete\\\/\",\"url\":\"https:\\\/\\\/derroboterladen.de\\\/drl-wp\\\/index.php\\\/motor-gartengeraete\\\/\",\"name\":\"Rider - DerRoboterLaden\",\"isPartOf\":{\"@id\":\"https:\\\/\\\/derroboterladen.de\\\/drl-wp\\\/#website\"},\"primaryImageOfPage\":{\"@id\":\"https:\\\/\\\/derroboterladen.de\\\/drl-wp\\\/index.php\\\/motor-gartengeraete\\\/#primaryimage\"},\"image\":{\"@id\":\"https:\\\/\\\/derroboterladen.de\\\/drl-wp\\\/index.php\\\/motor-gartengeraete\\\/#primaryimage\"},\"thumbnailUrl\":\"http:\\\/\\\/derroboterladen.de\\\/drl-wp\\\/wp-content\\\/uploads\\\/2025\\\/03\\\/970601701.jpg\",\"datePublished\":\"2022-02-04T16:43:52+00:00\",\"dateModified\":\"2025-03-14T12:52:21+00:00\",\"breadcrumb\":{\"@id\":\"https:\\\/\\\/derroboterladen.de\\\/drl-wp\\\/index.php\\\/motor-gartengeraete\\\/#breadcrumb\"},\"inLanguage\":\"de\",\"potentialAction\":[{\"@type\":\"ReadAction\",\"target\":[\"https:\\\/\\\/derroboterladen.de\\\/drl-wp\\\/index.php\\\/motor-gartengeraete\\\/\"]}]},{\"@type\":\"ImageObject\",\"inLanguage\":\"de\",\"@id\":\"https:\\\/\\\/derroboterladen.de\\\/drl-wp\\\/index.php\\\/motor-gartengeraete\\\/#primaryimage\",\"url\":\"https:\\\/\\\/derroboterladen.de\\\/drl-wp\\\/wp-content\\\/uploads\\\/2025\\\/03\\\/970601701.jpg\",\"contentUrl\":\"https:\\\/\\\/derroboterladen.de\\\/drl-wp\\\/wp-content\\\/uploads\\\/2025\\\/03\\\/970601701.jpg\",\"width\":597,\"height\":437},{\"@type\":\"BreadcrumbList\",\"@id\":\"https:\\\/\\\/derroboterladen.de\\\/drl-wp\\\/index.php\\\/motor-gartengeraete\\\/#breadcrumb\",\"itemListElement\":[{\"@type\":\"ListItem\",\"position\":1,\"name\":\"Startseite\",\"item\":\"https:\\\/\\\/derroboterladen.de\\\/drl-wp\\\/\"},{\"@type\":\"ListItem\",\"position\":2,\"name\":\"Rider\"}]},{\"@type\":\"WebSite\",\"@id\":\"https:\\\/\\\/derroboterladen.de\\\/drl-wp\\\/#website\",\"url\":\"https:\\\/\\\/derroboterladen.de\\\/drl-wp\\\/\",\"name\":\"DerRoboterLaden\",\"description\":\"\",\"potentialAction\":[{\"@type\":\"SearchAction\",\"target\":{\"@type\":\"EntryPoint\",\"urlTemplate\":\"https:\\\/\\\/derroboterladen.de\\\/drl-wp\\\/?s={search_term_string}\"},\"query-input\":{\"@type\":\"PropertyValueSpecification\",\"valueRequired\":true,\"valueName\":\"search_term_string\"}}],\"inLanguage\":\"de\"}]}<\/script>\n<!-- \/ Yoast SEO plugin. -->","yoast_head_json":{"title":"Rider - DerRoboterLaden","robots":{"index":"index","follow":"follow","max-snippet":"max-snippet:-1","max-image-preview":"max-image-preview:large","max-video-preview":"max-video-preview:-1"},"canonical":"https:\/\/derroboterladen.de\/drl-wp\/index.php\/motor-gartengeraete\/","og_locale":"de_DE","og_type":"article","og_title":"Rider - DerRoboterLaden","og_description":"Husqvarna Rider P524XR UVP: 24999,-\u20ac Husqvarna Rider R214C incl.M\u00e4hdeck Combi 94Arbeitsbreite: 94cm Schnitth\u00f6he: 25-75mm Fangbox: &#8211; Gewicht: 228kg Antriebsart: 8,4kW Benzin UVP: 4199,-\u20ac (incl. M\u00e4hdeck Combi 94) Husqvarna Rider R214TC incl.M\u00e4hdeck Combi 94Arbeitsbreite: 94cm Schnitth\u00f6he: 25-75mm Gewicht: 243kg Antriebsart: 12kW Benzin UVP: 5299,-\u20ac (incl. M\u00e4hdeck Combi 94) Husqvarna Rider R112C5 incl.M\u00e4hdeck Combi 85Arbeitsbreite: 85cm Schnitth\u00f6he: [&hellip;]","og_url":"https:\/\/derroboterladen.de\/drl-wp\/index.php\/motor-gartengeraete\/","og_site_name":"DerRoboterLaden","article_publisher":"http:\/\/www.facebook.com\/derroboterladen","article_modified_time":"2025-03-14T12:52:21+00:00","og_image":[{"url":"http:\/\/derroboterladen.de\/drl-wp\/wp-content\/uploads\/2025\/03\/970601701.jpg","type":"","width":"","height":""}],"twitter_card":"summary_large_image","twitter_misc":{"Gesch\u00e4tzte Lesezeit":"2\u00a0Minuten"},"schema":{"@context":"https:\/\/schema.org","@graph":[{"@type":"WebPage","@id":"https:\/\/derroboterladen.de\/drl-wp\/index.php\/motor-gartengeraete\/","url":"https:\/\/derroboterladen.de\/drl-wp\/index.php\/motor-gartengeraete\/","name":"Rider - DerRoboterLaden","isPartOf":{"@id":"https:\/\/derroboterladen.de\/drl-wp\/#website"},"primaryImageOfPage":{"@id":"https:\/\/derroboterladen.de\/drl-wp\/index.php\/motor-gartengeraete\/#primaryimage"},"image":{"@id":"https:\/\/derroboterladen.de\/drl-wp\/index.php\/motor-gartengeraete\/#primaryimage"},"thumbnailUrl":"http:\/\/derroboterladen.de\/drl-wp\/wp-content\/uploads\/2025\/03\/970601701.jpg","datePublished":"2022-02-04T16:43:52+00:00","dateModified":"2025-03-14T12:52:21+00:00","breadcrumb":{"@id":"https:\/\/derroboterladen.de\/drl-wp\/index.php\/motor-gartengeraete\/#breadcrumb"},"inLanguage":"de","potentialAction":[{"@type":"ReadAction","target":["https:\/\/derroboterladen.de\/drl-wp\/index.php\/motor-gartengeraete\/"]}]},{"@type":"ImageObject","inLanguage":"de","@id":"https:\/\/derroboterladen.de\/drl-wp\/index.php\/motor-gartengeraete\/#primaryimage","url":"https:\/\/derroboterladen.de\/drl-wp\/wp-content\/uploads\/2025\/03\/970601701.jpg","contentUrl":"https:\/\/derroboterladen.de\/drl-wp\/wp-content\/uploads\/2025\/03\/970601701.jpg","width":597,"height":437},{"@type":"BreadcrumbList","@id":"https:\/\/derroboterladen.de\/drl-wp\/index.php\/motor-gartengeraete\/#breadcrumb","itemListElement":[{"@type":"ListItem","position":1,"name":"Startseite","item":"https:\/\/derroboterladen.de\/drl-wp\/"},{"@type":"ListItem","position":2,"name":"Rider"}]},{"@type":"WebSite","@id":"https:\/\/derroboterladen.de\/drl-wp\/#website","url":"https:\/\/derroboterladen.de\/drl-wp\/","name":"DerRoboterLaden","description":"","potentialAction":[{"@type":"SearchAction","target":{"@type":"EntryPoint","urlTemplate":"https:\/\/derroboterladen.de\/drl-wp\/?s={search_term_string}"},"query-input":{"@type":"PropertyValueSpecification","valueRequired":true,"valueName":"search_term_string"}}],"inLanguage":"de"}]}},"_links":{"self":[{"href":"https:\/\/derroboterladen.de\/drl-wp\/index.php\/wp-json\/wp\/v2\/pages\/1492","targetHints":{"allow":["GET"]}}],"collection":[{"href":"https:\/\/derroboterladen.de\/drl-wp\/index.php\/wp-json\/wp\/v2\/pages"}],"about":[{"href":"https:\/\/derroboterladen.de\/drl-wp\/index.php\/wp-json\/wp\/v2\/types\/page"}],"author":[{"embeddable":true,"href":"https:\/\/derroboterladen.de\/drl-wp\/index.php\/wp-json\/wp\/v2\/users\/1"}],"replies":[{"embeddable":true,"href":"https:\/\/derroboterladen.de\/drl-wp\/index.php\/wp-json\/wp\/v2\/comments?post=1492"}],"version-history":[{"count":16,"href":"https:\/\/derroboterladen.de\/drl-wp\/index.php\/wp-json\/wp\/v2\/pages\/1492\/revisions"}],"predecessor-version":[{"id":1857,"href":"https:\/\/derroboterladen.de\/drl-wp\/index.php\/wp-json\/wp\/v2\/pages\/1492\/revisions\/1857"}],"wp:attachment":[{"href":"https:\/\/derroboterladen.de\/drl-wp\/index.php\/wp-json\/wp\/v2\/media?parent=1492"}],"curies":[{"name":"wp","href":"https:\/\/api.w.org\/{rel}","templated":true}]}}